{"id":12041,"date":"2023-01-24T10:54:22","date_gmt":"2023-01-24T10:54:22","guid":{"rendered":"http:\/\/aac-europe.org\/become-a-member\/"},"modified":"2026-01-28T16:46:23","modified_gmt":"2026-01-28T16:46:23","slug":"como-ser-miembro","status":"publish","type":"page","link":"https:\/\/aac-europe.org\/es\/como-ser-miembro\/","title":{"rendered":"C\u00f3mo ser Miembro"},"content":{"rendered":"<p>[vc_row equal_height=\u00bbyes\u00bb][vc_column width=\u00bb1\/2&#8243; css=\u00bb.vc_custom_1678205020606{margin-right: 10px !important;margin-left: 10px !important;}\u00bb][vc_column_text css=\u00bb.vc_custom_1678205887686{margin-right: 25px !important;}\u00bb]<\/p>\r\n<p style=\"text-align: justify;\"><!-- \/wp:list-item --><\/p>\r\n<!-- \/wp:list -->\r\n<p style=\"text-align: justify;\"><strong>Una organizaci\u00f3n puede convertirse en miembro del CCA si:<\/strong><\/p>\r\n<ul>\r\n<li style=\"text-align: justify;\">las actividades descritas en los estatutos de la organizaci\u00f3n est\u00e1n relacionadas con la producci\u00f3n acu\u00edcola en la UE<\/li>\r\n<li style=\"text-align: justify;\">las autoridades del Estado miembro donde se encuentra la sede de la organizaci\u00f3n apoyan su membres\u00eda por carta oficial dirigida a la Secretar\u00eda del CCA.<\/li>\r\n<li style=\"text-align: justify;\">paga su suscripci\u00f3n anual: 200 \u20ac para la Asamblea General, 500 \u20ac para la Asamblea General y los grupos de trabajo, 900 \u20ac para la Asamblea General, los grupos de trabajo y el Comit\u00e9 Ejecutivo.<\/li>\r\n<\/ul>\r\n<p>[\/vc_column_text][\/vc_column][vc_column parallax=\u00bbcontent-moving\u00bb parallax_speed_bg=\u00bb\u00bb width=\u00bb1\/2&#8243; css=\u00bb.vc_custom_1676304554830{background-image: url(http:\/\/aac-europe.org\/wp-content\/uploads\/2023\/01\/home_slide1.jpg?id=11778) !important;background-position: center !important;background-repeat: no-repeat !important;background-size: cover !important;}\u00bb][\/vc_column][\/vc_row][vc_row equal_height=\u00bbyes\u00bb css_animation=\u00bbfadeIn\u00bb][vc_column width=\u00bb1\/2&#8243; css=\u00bb.vc_custom_1676304675564{background-image: url(http:\/\/aac-europe.org\/wp-content\/uploads\/2023\/01\/home_slide3.jpg?id=11780) !important;background-position: center !important;background-repeat: no-repeat !important;background-size: cover !important;}\u00bb][\/vc_column][vc_column parallax=\u00bbcontent-moving\u00bb parallax_speed_bg=\u00bb\u00bb width=\u00bb1\/2&#8243; css=\u00bb.vc_custom_1678204980727{margin-right: 10px !important;margin-left: 10px !important;}\u00bb][vc_column_text css=\u00bb.vc_custom_1769618781904{margin-left: 20px !important;}\u00bb]<\/p>\r\n<p style=\"text-align: justify;\"><!-- \/wp:list-item --><\/p>\r\n<p><!-- \/wp:list -->Todas las solicitudes deben enviarse a la Secretar\u00eda del CCA con los siguientes documentos:<\/p>\r\n<ul>\r\n<li><a href=\"http:\/\/aac-europe.org\/wp-content\/uploads\/2026\/01\/AAC-Application-Form_Membership_2025-2026.docx\">El formulario de solicitud<\/a><\/li>\r\n<li><a href=\"http:\/\/aac-europe.org\/wp-content\/uploads\/2024\/03\/AAC_Confirmation-Form-for-AAC-representative-organisation_2023-2024.docx\">El formulario de confirmaci\u00f3n<\/a><\/li>\r\n<li>La carta oficial de apoyo del Estado miembro pertinente para la membres\u00eda de CCA<\/li>\r\n<\/ul>\r\n<p>&nbsp;<\/p>\r\n<p>Por favor, env\u00ede estos documentos por correo electr\u00f3nico a la siguiente direcci\u00f3n:<\/p>\r\n<p><strong>secretariat@aac-europe.org<\/strong><\/p>\r\n<p>Si tiene alguna pregunta sobre su solicitud, puede enviarla por correo electr\u00f3nico o llamarnos:<\/p>\r\n<p style=\"text-align: justify;\"><!-- \/wp:paragraph --><\/p>\r\n<p><!-- wp:paragraph --><strong>Tel. : +32 (0) 2 230 30 70<\/strong><\/p>\r\n<p style=\"text-align: justify;\"><!-- \/wp:paragraph --><\/p>\r\n<p>[\/vc_column_text][\/vc_column][\/vc_row]<\/p>","protected":false},"excerpt":{"rendered":"<p>[vc_row equal_height=\u00bbyes\u00bb][vc_column width=\u00bb1\/2&#8243; css=\u00bb.vc_custom_1678205020606{margin-right: 10px !important;margin-left: 10px !important;}\u00bb][vc_column_text css=\u00bb.vc_custom_1678205887686{margin-right: 25px !important;}\u00bb] Una organizaci\u00f3n puede convertirse en miembro del CCA si: las actividades descritas en los estatutos de la organizaci\u00f3n est\u00e1n [&hellip;]<\/p>\n","protected":false},"author":1,"featured_media":0,"parent":0,"menu_order":0,"comment_status":"closed","ping_status":"closed","template":"","meta":[],"acf":[],"_links":{"self":[{"href":"https:\/\/aac-europe.org\/es\/wp-json\/wp\/v2\/pages\/12041"}],"collection":[{"href":"https:\/\/aac-europe.org\/es\/wp-json\/wp\/v2\/pages"}],"about":[{"href":"https:\/\/aac-europe.org\/es\/wp-json\/wp\/v2\/types\/page"}],"author":[{"embeddable":true,"href":"https:\/\/aac-europe.org\/es\/wp-json\/wp\/v2\/users\/1"}],"replies":[{"embeddable":true,"href":"https:\/\/aac-europe.org\/es\/wp-json\/wp\/v2\/comments?post=12041"}],"version-history":[{"count":11,"href":"https:\/\/aac-europe.org\/es\/wp-json\/wp\/v2\/pages\/12041\/revisions"}],"predecessor-version":[{"id":15788,"href":"https:\/\/aac-europe.org\/es\/wp-json\/wp\/v2\/pages\/12041\/revisions\/15788"}],"wp:attachment":[{"href":"https:\/\/aac-europe.org\/es\/wp-json\/wp\/v2\/media?parent=12041"}],"curies":[{"name":"wp","href":"https:\/\/api.w.org\/{rel}","templated":true}]}}