{"id":12047,"date":"2017-09-30T09:51:40","date_gmt":"2017-09-30T09:51:40","guid":{"rendered":"http:\/\/aac-europe.org\/home\/"},"modified":"2026-03-18T16:31:35","modified_gmt":"2026-03-18T16:31:35","slug":"home","status":"publish","type":"page","link":"https:\/\/aac-europe.org\/es\/","title":{"rendered":"Home"},"content":{"rendered":"<p>[vc_row][vc_column width=\u00bb1\/2&#8243; el_class=\u00bbhomepage-main-text-hidden\u00bb][vc_column_text]CONSEJO\u00a0 CONSULTIVO\u00a0 SOBRE\u00a0 LA\u00a0 ACUICULTURA (CCA)[\/vc_column_text][\/vc_column][vc_column width=\u00bb1\/2&#8243; el_class=\u00bbhomepage-main-text-hidden\u00bb][vc_column_text]Brindamos asesoramiento a la Comisi\u00f3n Europea y los Estados miembros en todos los asuntos que afectan la producci\u00f3n acu\u00edcola de la UE.[\/vc_column_text][\/vc_column][\/vc_row][vc_row full_width=\u00bbstretch_row_content_no_spaces\u00bb css=\u00bb.vc_custom_1674739562937{padding-top: 30px !important;background-color: #f9f9f9 !important;}\u00bb][vc_column offset=\u00bbvc_col-lg-4 vc_col-md-4&#8243;][nur_section_heading decoration=\u00bbline\u00bb el_class=\u00bbml-md-0 text-center text-md-left\u00bb css=\u00bb.vc_custom_1684140971890{margin-bottom: 0px !important;border-bottom-width: 0px !important;padding-left: 50px !important;}\u00bb]<\/p>\n<h2>\u00daltimas recomendaciones<\/h2>\n<p>[\/nur_section_heading][nur_feature_box layout=\u00bblarge-icon icon-circle\u00bb]<div class=\"pt-cv-wrapper\"><div class=\"pt-cv-view pt-cv-grid pt-cv-colsys pt-cv-same-height homepage\" id=\"pt-cv-view-bf1877cmxv\"><div data-id=\"pt-cv-page-1\" class=\"pt-cv-page\" data-cvc=\"1\" data-cvct=\"1\" data-cvcm=\"1\"><div class=\"col-md-12 col-sm-12 col-xs-12 pt-cv-content-item pt-cv-1-col\"  data-pid=\"15945\"><div class='pt-cv-ifield'><a href=\"https:\/\/aac-europe.org\/es\/publication\/recomendacion-del-cca-sobre-la-proteccion-de-la-acuicultura-en-la-revision-prevista-de-la-directiva-marco-del-agua\/\" class=\"_self pt-cv-href-thumbnail pt-cv-thumb-default cvplbd\" target=\"_self\" ><img width=\"2560\" height=\"1707\" src=\"https:\/\/aac-europe.org\/wp-content\/uploads\/2026\/04\/Leo-Kirchmaier-10-scaled.jpg\" class=\"pt-cv-thumbnail img-none skip-lazy \" alt=\"Recomendaci\u00f3n del CCA sobre la protecci\u00f3n de la acuicultura en la revisi\u00f3n prevista de la Directiva Marco del Agua\" decoding=\"async\" \/><\/a>\n<h4 class=\"pt-cv-title post-category-recomendaciones\"><a href=\"https:\/\/aac-europe.org\/es\/publication\/recomendacion-del-cca-sobre-la-proteccion-de-la-acuicultura-en-la-revision-prevista-de-la-directiva-marco-del-agua\/\" class=\"_self cvplbd\" target=\"_self\" >Recomendaci\u00f3n del CCA sobre la protecci\u00f3n de la acuicultura en la revisi\u00f3n prevista de la Directiva Marco del Agua<\/a><\/h4>\n<div class=\"pt-cv-meta-fields\"><span class=\"entry-date\"> <time datetime=\"2026-04-14T11:20:09+00:00\">abril, 2026<\/time><\/span><span> \/ <\/span><span class=\"terms\"> aquaculture, Directiva Marco del Agua, Recomendaciones<\/span><\/div><\/div><\/div>\n<div class=\"col-md-12 col-sm-12 col-xs-12 pt-cv-content-item pt-cv-1-col\"  data-pid=\"15794\"><div class='pt-cv-ifield'><a href=\"https:\/\/aac-europe.org\/es\/publication\/recomendacion-del-cca-sobre-el-informe-relativo-a-la-evaluacion-intermedia-de-las-directrices-estrategicas-y-los-planes-estrategicos-plurianuales\/\" class=\"_self pt-cv-href-thumbnail pt-cv-thumb-default cvplbd\" target=\"_self\" ><img width=\"1520\" height=\"820\" src=\"https:\/\/aac-europe.org\/wp-content\/uploads\/2026\/01\/Aquaculture-Corfou-1520x820-1.png\" class=\"pt-cv-thumbnail img-none skip-lazy \" alt=\"Recomendaci\u00f3n del CCA sobre el informe relativo a la evaluaci\u00f3n intermedia de las Directrices Estrat\u00e9gicas y los Planes Estrat\u00e9gicos Plurianuales\" decoding=\"async\" \/><\/a>\n<h4 class=\"pt-cv-title post-category-recomendaciones\"><a href=\"https:\/\/aac-europe.org\/es\/publication\/recomendacion-del-cca-sobre-el-informe-relativo-a-la-evaluacion-intermedia-de-las-directrices-estrategicas-y-los-planes-estrategicos-plurianuales\/\" class=\"_self cvplbd\" target=\"_self\" >Recomendaci\u00f3n del CCA sobre el informe relativo a la evaluaci\u00f3n intermedia de las Directrices Estrat\u00e9gicas y los Planes Estrat\u00e9gicos Plurianuales<\/a><\/h4>\n<div class=\"pt-cv-meta-fields\"><span class=\"entry-date\"> <time datetime=\"2026-01-30T15:35:30+00:00\">enero, 2026<\/time><\/span><span> \/ <\/span><span class=\"terms\"> aquaculture, evaluaci\u00f3n intermedia, orientaciones estrat\u00e9gicas, planes estrat\u00e9gicos, Recomendaciones, Recomendaciones<\/span><\/div><\/div><\/div>\n<div class=\"col-md-12 col-sm-12 col-xs-12 pt-cv-content-item pt-cv-1-col\"  data-pid=\"15768\"><div class='pt-cv-ifield'><a href=\"https:\/\/aac-europe.org\/es\/publication\/recomendacion-del-cca-sobre-los-indicadores-para-la-encuesta-anual-de-los-estados-miembros\/\" class=\"_self pt-cv-href-thumbnail pt-cv-thumb-default cvplbd\" target=\"_self\" ><img width=\"1280\" height=\"864\" src=\"https:\/\/aac-europe.org\/wp-content\/uploads\/2026\/01\/sunset-in-a-fish-farm.jpg\" class=\"pt-cv-thumbnail img-none skip-lazy \" alt=\"Recomendaci\u00f3n del CCA sobre los indicadores para la encuesta anual de los Estados Miembros\" decoding=\"async\" \/><\/a>\n<h4 class=\"pt-cv-title post-category-recomendaciones\"><a href=\"https:\/\/aac-europe.org\/es\/publication\/recomendacion-del-cca-sobre-los-indicadores-para-la-encuesta-anual-de-los-estados-miembros\/\" class=\"_self cvplbd\" target=\"_self\" >Recomendaci\u00f3n del CCA sobre los indicadores para la encuesta anual de los Estados Miembros<\/a><\/h4>\n<div class=\"pt-cv-meta-fields\"><span class=\"entry-date\"> <time datetime=\"2026-01-16T14:20:20+00:00\">enero, 2026<\/time><\/span><span> \/ <\/span><span class=\"terms\"> FEMPA, indicadores de rendimiento, informe relativo a la evaluaci\u00f3n intermedia, orientaciones estrat\u00e9gicas, Recomendaciones, Recomendaciones<\/span><\/div><\/div><\/div>\n<div class=\"col-md-12 col-sm-12 col-xs-12 pt-cv-content-item pt-cv-1-col\"  data-pid=\"15709\"><div class='pt-cv-ifield'><a href=\"https:\/\/aac-europe.org\/es\/publication\/recomendacion-del-cca-sobre-el-virus-de-la-anemia-infecciosa-del-salmon-con-supresion-en-la-hpr\/\" class=\"_self pt-cv-href-thumbnail pt-cv-thumb-default cvplbd\" target=\"_self\" ><img width=\"2560\" height=\"1707\" src=\"https:\/\/aac-europe.org\/wp-content\/uploads\/2026\/01\/DSCF9367-scaled.jpg\" class=\"pt-cv-thumbnail img-none skip-lazy \" alt=\"Recomendaci\u00f3n del CCA sobre el virus de la anemia infecciosa del salm\u00f3n con supresi\u00f3n en la HPR\" decoding=\"async\" \/><\/a>\n<h4 class=\"pt-cv-title post-category-recomendaciones\"><a href=\"https:\/\/aac-europe.org\/es\/publication\/recomendacion-del-cca-sobre-el-virus-de-la-anemia-infecciosa-del-salmon-con-supresion-en-la-hpr\/\" class=\"_self cvplbd\" target=\"_self\" >Recomendaci\u00f3n del CCA sobre el virus de la anemia infecciosa del salm\u00f3n con supresi\u00f3n en la HPR<\/a><\/h4>\n<div class=\"pt-cv-meta-fields\"><span class=\"entry-date\"> <time datetime=\"2026-01-05T13:37:45+00:00\">enero, 2026<\/time><\/span><span> \/ <\/span><span class=\"terms\"> enfermedades, HPR, infeccioso, legislaci\u00f3n sobre sanidad animal, pescado, Recomendaciones, Recomendaciones, trucha arco iris, trucha marina, VAIS, virus<\/span><\/div><\/div><\/div>\n<div class=\"col-md-12 col-sm-12 col-xs-12 pt-cv-content-item pt-cv-1-col\"  data-pid=\"15542\"><div class='pt-cv-ifield'><a href=\"https:\/\/aac-europe.org\/es\/publication\/recomendacion-del-cca-sobre-las-estadisticas-europeas-de-pesca-y-acuicultura\/\" class=\"_self pt-cv-href-thumbnail pt-cv-thumb-default cvplbd\" target=\"_self\" ><img width=\"2560\" height=\"1440\" src=\"https:\/\/aac-europe.org\/wp-content\/uploads\/2025\/11\/image-9-scaled.jpg\" class=\"pt-cv-thumbnail img-none skip-lazy \" alt=\"Recomendaci\u00f3n del CCA sobre las estad\u00edsticas europeas de pesca y acuicultura\" decoding=\"async\" \/><\/a>\n<h4 class=\"pt-cv-title post-category-recomendaciones\"><a href=\"https:\/\/aac-europe.org\/es\/publication\/recomendacion-del-cca-sobre-las-estadisticas-europeas-de-pesca-y-acuicultura\/\" class=\"_self cvplbd\" target=\"_self\" >Recomendaci\u00f3n del CCA sobre las estad\u00edsticas europeas de pesca y acuicultura<\/a><\/h4>\n<div class=\"pt-cv-meta-fields\"><span class=\"entry-date\"> <time datetime=\"2025-11-03T12:53:23+00:00\">noviembre, 2025<\/time><\/span><span> \/ <\/span><span class=\"terms\"> aquaculture, estad\u00edsticas, estad\u00edsticas europeas de pesca y acuicultura, Recomendaciones, Recomendaciones, recopilaci\u00f3n de datos<\/span><\/div><\/div><\/div><\/div><\/div><\/div>\t\t\t<style type=\"text\/css\" id=\"pt-cv-inline-style-240cd70kye\">#pt-cv-view-bf1877cmxv .pt-cv-title a, #pt-cv-view-bf1877cmxv  .panel-title { font-weight: 600 !important; }\n#pt-cv-view-bf1877cmxv .pt-cv-carousel-caption  { background-color: rgba(51,51,51,.6) !important; }\n#pt-cv-view-bf1877cmxv .pt-cv-specialp { background-color: #CC3333 !important }\n#pt-cv-view-bf1877cmxv .pt-cv-specialp * { color: #fff !important; }\n#pt-cv-view-bf1877cmxv .pt-cv-pficon  { color: #bbb !important; }\n#pt-cv-view-bf1877cmxv .pt-cv-readmore  { color: #ffffff !important; background-color: #00aeef !important; }\n#pt-cv-view-bf1877cmxv .pt-cv-readmore:hover  { color: #ffffff !important; background-color: #00aeef !important; }\n#pt-cv-view-bf1877cmxv  + .pt-cv-pagination-wrapper .pt-cv-more , #pt-cv-view-bf1877cmxv  + .pt-cv-pagination-wrapper .pagination .active a, .pt-cv-pagination[data-sid='bf1877cmxv'] .active a { color: #ffffff !important; background-color: #00aeef !important; }<\/style>\r\n\t\t\t[\/nur_feature_box][\/vc_column][vc_column width=\u00bb11\/12&#8243; offset=\u00bbvc_col-lg-4 vc_col-md-4&#8243;][nur_section_heading decoration=\u00bbline\u00bb el_class=\u00bbml-md-0 text-center text-md-left\u00bb css=\u00bb.vc_custom_1773851435281{margin-bottom: 0px !important;border-bottom-width: 0px !important;padding-left: 50px !important;}\u00bb]<\/p>\n<h2>Webinarios<\/h2>\n<p>[\/nur_section_heading][nur_feature_box layout=\u00bblarge-icon icon-circle\u00bb]<\/p>\n<div class=\"elfsight-app-605f3ebe-70b0-4df1-8a33-cb6535db6490\" data-elfsight-app-lazy=\"\"><\/div>\n<p>[\/nur_feature_box][nur_section_heading decoration=\u00bbline\u00bb el_class=\u00bbml-md-0 text-center text-md-left\u00bb css=\u00bb.vc_custom_1684141286334{margin-bottom: 0px !important;border-bottom-width: 0px !important;padding-left: 50px !important;}\u00bb]<\/p>\n<h2>\u00daltimas noticias<\/h2>\n<p>[\/nur_section_heading][nur_feature_box layout=\u00bblarge-icon icon-circle\u00bb]<div class=\"pt-cv-wrapper\"><div class=\"pt-cv-view pt-cv-grid pt-cv-colsys pt-cv-same-height homepage\" id=\"pt-cv-view-2182d0ec8r\"><div data-id=\"pt-cv-page-1\" class=\"pt-cv-page\" data-cvc=\"1\" data-cvct=\"1\" data-cvcm=\"1\"><div class=\"col-md-12 col-sm-12 col-xs-12 pt-cv-content-item pt-cv-1-col\"  data-pid=\"13398\"><div class='pt-cv-ifield'><a href=\"https:\/\/aac-europe.org\/es\/news_item\/press-release-aac-recommendations-for-the-future-of-eu-sustainable-aquaculture-presented-at-the-eu-member-states-aquaculture-technical-seminar\/\" class=\"_self pt-cv-href-thumbnail pt-cv-thumb-default cvplbd\" target=\"_self\" ><\/a>\n<h4 class=\"pt-cv-title post-category\"><a href=\"https:\/\/aac-europe.org\/es\/news_item\/press-release-aac-recommendations-for-the-future-of-eu-sustainable-aquaculture-presented-at-the-eu-member-states-aquaculture-technical-seminar\/\" class=\"_self cvplbd\" target=\"_self\" >PRESS RELEASE &#8211; AAC recommendations for the future of EU sustainable aquaculture presented at the EU-Member States Aquaculture Technical Seminar<\/a><\/h4>\n<div class=\"pt-cv-meta-fields\"><span class=\"entry-date\"> <time datetime=\"2023-03-27T12:02:00+00:00\">marzo 27, 2023<\/time><\/span><\/div><\/div><\/div>\n<div class=\"col-md-12 col-sm-12 col-xs-12 pt-cv-content-item pt-cv-1-col\"  data-pid=\"10708\"><div class='pt-cv-ifield'><a href=\"https:\/\/aac-europe.org\/es\/news_item\/acuicultura-europea-apoyar-a-los-agricultores-del-agua\/\" class=\"_self pt-cv-href-thumbnail pt-cv-thumb-default cvplbd\" target=\"_self\" ><\/a>\n<h4 class=\"pt-cv-title post-category-prensa\"><a href=\"https:\/\/aac-europe.org\/es\/news_item\/acuicultura-europea-apoyar-a-los-agricultores-del-agua\/\" class=\"_self cvplbd\" target=\"_self\" >Acuicultura europea: apoyar a los agricultores del agua<\/a><\/h4>\n<div class=\"pt-cv-meta-fields\"><span class=\"entry-date\"> <time datetime=\"2018-07-05T14:53:23+00:00\">julio 5, 2018<\/time><\/span><span> \/ <\/span><span class=\"terms\"> Prensa<\/span><\/div><\/div><\/div><\/div><\/div><\/div>\t\t\t<style type=\"text\/css\" id=\"pt-cv-inline-style-b8bb3f2ial\">#pt-cv-view-2182d0ec8r .pt-cv-title a, #pt-cv-view-2182d0ec8r  .panel-title { font-weight: 600 !important; }\n#pt-cv-view-2182d0ec8r .pt-cv-carousel-caption  { background-color: rgba(51,51,51,.6) !important; }\n#pt-cv-view-2182d0ec8r .pt-cv-specialp { background-color: #CC3333 !important }\n#pt-cv-view-2182d0ec8r .pt-cv-specialp * { color: #fff !important; }\n#pt-cv-view-2182d0ec8r .pt-cv-pficon  { color: #bbb !important; }\n#pt-cv-view-2182d0ec8r .pt-cv-readmore  { color: #ffffff !important; background-color: #00aeef !important; }\n#pt-cv-view-2182d0ec8r .pt-cv-readmore:hover  { color: #ffffff !important; background-color: #00aeef !important; }\n#pt-cv-view-2182d0ec8r  + .pt-cv-pagination-wrapper .pt-cv-more , #pt-cv-view-2182d0ec8r  + .pt-cv-pagination-wrapper .pagination .active a, .pt-cv-pagination[data-sid='2182d0ec8r'] .active a { color: #ffffff !important; background-color: #00aeef !important; }<\/style>\r\n\t\t\t[\/nur_feature_box][\/vc_column][vc_column offset=\u00bbvc_col-lg-4 vc_col-md-4&#8243;][nur_section_heading decoration=\u00bbline\u00bb el_class=\u00bbml-md-0 text-center text-md-left\u00bb css=\u00bb.vc_custom_1684141018915{margin-bottom: 0px !important;border-bottom-width: 0px !important;padding-left: 50px !important;}\u00bb]<\/p>\n<h2>\u00daltimos feeds<\/h2>\n<p>[\/nur_section_heading][nur_feature_box layout=\u00bblarge-icon icon-circle\u00bb]<\/p>\n<div class=\"elfsight-app-0c8f9991-ebf8-4687-9ed7-54f634bd5f2c\" data-elfsight-app-lazy=\"\"><\/div>\n<p>[\/nur_feature_box][\/vc_column][\/vc_row]<\/p>\n","protected":false},"excerpt":{"rendered":"<p>[vc_row][vc_column width=\u00bb1\/2&#8243; el_class=\u00bbhomepage-main-text-hidden\u00bb][vc_column_text]CONSEJO\u00a0 CONSULTIVO\u00a0 SOBRE\u00a0 LA\u00a0 ACUICULTURA (CCA)[\/vc_column_text][\/vc_column][vc_column width=\u00bb1\/2&#8243; el_class=\u00bbhomepage-main-text-hidden\u00bb][vc_column_text]Brindamos asesoramiento a la Comisi\u00f3n Europea y los Estados miembros en todos los asuntos que afectan la producci\u00f3n acu\u00edcola de la [&hellip;]<\/p>\n","protected":false},"author":1,"featured_media":13323,"parent":0,"menu_order":0,"comment_status":"closed","ping_status":"closed","template":"","meta":[],"acf":[],"_links":{"self":[{"href":"https:\/\/aac-europe.org\/es\/wp-json\/wp\/v2\/pages\/12047"}],"collection":[{"href":"https:\/\/aac-europe.org\/es\/wp-json\/wp\/v2\/pages"}],"about":[{"href":"https:\/\/aac-europe.org\/es\/wp-json\/wp\/v2\/types\/page"}],"author":[{"embeddable":true,"href":"https:\/\/aac-europe.org\/es\/wp-json\/wp\/v2\/users\/1"}],"replies":[{"embeddable":true,"href":"https:\/\/aac-europe.org\/es\/wp-json\/wp\/v2\/comments?post=12047"}],"version-history":[{"count":24,"href":"https:\/\/aac-europe.org\/es\/wp-json\/wp\/v2\/pages\/12047\/revisions"}],"predecessor-version":[{"id":15921,"href":"https:\/\/aac-europe.org\/es\/wp-json\/wp\/v2\/pages\/12047\/revisions\/15921"}],"wp:featuredmedia":[{"embeddable":true,"href":"https:\/\/aac-europe.org\/es\/wp-json\/wp\/v2\/media\/13323"}],"wp:attachment":[{"href":"https:\/\/aac-europe.org\/es\/wp-json\/wp\/v2\/media?parent=12047"}],"curies":[{"name":"wp","href":"https:\/\/api.w.org\/{rel}","templated":true}]}}