{"id":12073,"date":"2023-01-16T13:47:58","date_gmt":"2023-01-16T13:47:58","guid":{"rendered":"http:\/\/aac-europe.org\/recommendations\/european-commission-answers\/"},"modified":"2023-01-29T16:43:04","modified_gmt":"2023-01-29T16:43:04","slug":"respuestas-de-la-comision-europea","status":"publish","type":"page","link":"https:\/\/aac-europe.org\/es\/opiniones\/respuestas-de-la-comision-europea\/","title":{"rendered":"Respuestas de la Comisi\u00f3n Europea"},"content":{"rendered":"<div class=\"pt-cv-wrapper\"><div class=\"cvp-live-filter cvp-search-box \" id=\"\" data-name=\"_search\" data-sid=\"f4a59e56bf\"><label for='sf_1252' class=\"cvp-label\">Palabras clave<\/label><input type=\"text\" id=\"sf_1252\" name=\"_search\" value=\"\" data-nosubmit=\"true\" placeholder=\"\"\/><\/div><div class=\"cvp-live-filter cvp-dropdown \" id=\"\" data-name=\"tx_category\" data-sid=\"f4a59e56bf\"><label class=\"cvp-label\">Category<\/label><select name=\"tx_category\"><option value=\"\">All<\/option><option value=\"opiniones-respuestas_ue\" >Respuestas de la Comisi\u00f3n Europea<span class=\"cvp-count\"> (53)<\/span><\/option><\/select><\/div><div class=\"pt-cv-view pt-cv-grid pt-cv-colsys pt-cv-same-height pt-cv-pgregular cvp-lfres\" id=\"pt-cv-view-f4a59e56bf\"><div data-id=\"pt-cv-page-1\" class=\"pt-cv-page\" data-cvc=\"2\" data-cvct=\"2\" data-cvcm=\"1\"><div class=\"col-md-6 col-sm-6 col-xs-12 pt-cv-content-item pt-cv-1-col\"  data-pid=\"15854\"><div class='pt-cv-ifield'><a href=\"https:\/\/aac-europe.org\/es\/publication\/respuesta-de-la-comision-europea-a-la-recomendacion-del-cca-sobre-el-informe-relativo-a-la-evaluacion-intermedia-de-las-directrices-estrategicas-y-los-planes-estrategicos-plurianuales\/\" class=\"_self pt-cv-href-thumbnail pt-cv-thumb-default cvplbd\" target=\"_self\" ><\/a>\n<h4 class=\"pt-cv-title post-category-respuestas-de-la-comisin-europea\"><a href=\"https:\/\/aac-europe.org\/es\/publication\/respuesta-de-la-comision-europea-a-la-recomendacion-del-cca-sobre-el-informe-relativo-a-la-evaluacion-intermedia-de-las-directrices-estrategicas-y-los-planes-estrategicos-plurianuales\/\" class=\"_self cvplbd\" target=\"_self\" >Respuesta de la Comisi\u00f3n Europea a la Recomendaci\u00f3n del CCA sobre el informe relativo a la evaluaci\u00f3n intermedia de las Directrices Estrat\u00e9gicas y los Planes Estrat\u00e9gicos Plurianuales<\/a><\/h4>\n<div class=\"pt-cv-meta-fields\"><span class=\"entry-date\"> <time datetime=\"2026-03-10T08:28:58+00:00\">marzo, 2026<\/time><\/span><span> \/ <\/span><span class=\"terms\"> Respuestas de la Comisi\u00f3n Europea<\/span><\/div><\/div><\/div>\n<div class=\"col-md-6 col-sm-6 col-xs-12 pt-cv-content-item pt-cv-1-col\"  data-pid=\"15820\"><div class='pt-cv-ifield'><a href=\"https:\/\/aac-europe.org\/es\/publication\/respuesta-de-la-comision-europea-a-la-recomendacion-del-cca-sobre-las-estadisticas-europeas-de-pesca-y-acuicultura\/\" class=\"_self pt-cv-href-thumbnail pt-cv-thumb-default cvplbd\" target=\"_self\" ><\/a>\n<h4 class=\"pt-cv-title post-category-respuestas-de-la-comisin-europea\"><a href=\"https:\/\/aac-europe.org\/es\/publication\/respuesta-de-la-comision-europea-a-la-recomendacion-del-cca-sobre-las-estadisticas-europeas-de-pesca-y-acuicultura\/\" class=\"_self cvplbd\" target=\"_self\" >Respuesta de la Comisi\u00f3n Europea a la Recomendaci\u00f3n del CCA sobre las estad\u00edsticas europeas de pesca y acuicultura<\/a><\/h4>\n<div class=\"pt-cv-meta-fields\"><span class=\"entry-date\"> <time datetime=\"2026-02-23T10:06:25+00:00\">febrero, 2026<\/time><\/span><span> \/ <\/span><span class=\"terms\"> Respuestas de la Comisi\u00f3n Europea<\/span><\/div><\/div><\/div>\n<div class=\"col-md-6 col-sm-6 col-xs-12 pt-cv-content-item pt-cv-1-col\"  data-pid=\"15816\"><div class='pt-cv-ifield'><a href=\"https:\/\/aac-europe.org\/es\/publication\/respuesta-de-la-comision-europea-a-la-recomendacion-del-cca-sobre-el-esturion-de-acuicultura-y-la-cites\/\" class=\"_self pt-cv-href-thumbnail pt-cv-thumb-default cvplbd\" target=\"_self\" ><\/a>\n<h4 class=\"pt-cv-title post-category-respuestas-de-la-comisin-europea\"><a href=\"https:\/\/aac-europe.org\/es\/publication\/respuesta-de-la-comision-europea-a-la-recomendacion-del-cca-sobre-el-esturion-de-acuicultura-y-la-cites\/\" class=\"_self cvplbd\" target=\"_self\" >Respuesta de la Comisi\u00f3n Europea a la Recomendaci\u00f3n del CCA sobre el esturi\u00f3n de acuicultura y la CITES<\/a><\/h4>\n<div class=\"pt-cv-meta-fields\"><span class=\"entry-date\"> <time datetime=\"2026-02-16T11:27:54+00:00\">febrero, 2026<\/time><\/span><span> \/ <\/span><span class=\"terms\"> Respuestas de la Comisi\u00f3n Europea<\/span><\/div><\/div><\/div>\n<div class=\"col-md-6 col-sm-6 col-xs-12 pt-cv-content-item pt-cv-1-col\"  data-pid=\"15813\"><div class='pt-cv-ifield'><a href=\"https:\/\/aac-europe.org\/es\/publication\/respuesta-de-la-comision-europea-a-la-recomendacion-del-cca-sobre-la-emergencia-del-cangrejo-azul-en-italia\/\" class=\"_self pt-cv-href-thumbnail pt-cv-thumb-default cvplbd\" target=\"_self\" ><\/a>\n<h4 class=\"pt-cv-title post-category-respuestas-de-la-comisin-europea\"><a href=\"https:\/\/aac-europe.org\/es\/publication\/respuesta-de-la-comision-europea-a-la-recomendacion-del-cca-sobre-la-emergencia-del-cangrejo-azul-en-italia\/\" class=\"_self cvplbd\" target=\"_self\" >Respuesta de la Comisi\u00f3n Europea a la Recomendaci\u00f3n del CCA sobre la emergencia del cangrejo azul en Italia<\/a><\/h4>\n<div class=\"pt-cv-meta-fields\"><span class=\"entry-date\"> <time datetime=\"2026-02-16T11:22:55+00:00\">febrero, 2026<\/time><\/span><span> \/ <\/span><span class=\"terms\"> Respuestas de la Comisi\u00f3n Europea<\/span><\/div><\/div><\/div>\n<div class=\"col-md-6 col-sm-6 col-xs-12 pt-cv-content-item pt-cv-1-col\"  data-pid=\"15799\"><div class='pt-cv-ifield'><a href=\"https:\/\/aac-europe.org\/es\/publication\/respuesta-de-la-comision-europea-a-la-recomendacion-del-cca-sobre-el-virus-de-la-anemia-infecciosa-del-salmon-con-supresion-en-la-hpr\/\" class=\"_self pt-cv-href-thumbnail pt-cv-thumb-default cvplbd\" target=\"_self\" ><\/a>\n<h4 class=\"pt-cv-title post-category-respuestas-de-la-comisin-europea\"><a href=\"https:\/\/aac-europe.org\/es\/publication\/respuesta-de-la-comision-europea-a-la-recomendacion-del-cca-sobre-el-virus-de-la-anemia-infecciosa-del-salmon-con-supresion-en-la-hpr\/\" class=\"_self cvplbd\" target=\"_self\" >Respuesta de la Comisi\u00f3n Europea a la Recomendaci\u00f3n del CCA sobre el virus de la anemia infecciosa del salm\u00f3n con supresi\u00f3n en la HPR<\/a><\/h4>\n<div class=\"pt-cv-meta-fields\"><span class=\"entry-date\"> <time datetime=\"2026-02-04T09:44:37+00:00\">febrero, 2026<\/time><\/span><span> \/ <\/span><span class=\"terms\"> Respuestas de la Comisi\u00f3n Europea<\/span><\/div><\/div><\/div>\n<div class=\"col-md-6 col-sm-6 col-xs-12 pt-cv-content-item pt-cv-1-col\"  data-pid=\"15781\"><div class='pt-cv-ifield'><a href=\"https:\/\/aac-europe.org\/es\/publication\/respuesta-de-la-comision-europea-a-la-carta-del-cca-relativa-a-su-respuesta-a-la-recomendacion-sobre-el-bienestar-de-los-moluscos\/\" class=\"_self pt-cv-href-thumbnail pt-cv-thumb-default cvplbd\" target=\"_self\" ><\/a>\n<h4 class=\"pt-cv-title post-category-respuestas-de-la-comisin-europea\"><a href=\"https:\/\/aac-europe.org\/es\/publication\/respuesta-de-la-comision-europea-a-la-carta-del-cca-relativa-a-su-respuesta-a-la-recomendacion-sobre-el-bienestar-de-los-moluscos\/\" class=\"_self cvplbd\" target=\"_self\" >Respuesta de la Comisi\u00f3n Europea a la carta del CCA relativa a su respuesta a la recomendaci\u00f3n sobre el bienestar de los moluscos.<\/a><\/h4>\n<div class=\"pt-cv-meta-fields\"><span class=\"entry-date\"> <time datetime=\"2026-01-19T13:31:59+00:00\">enero, 2026<\/time><\/span><span> \/ <\/span><span class=\"terms\"> Respuestas de la Comisi\u00f3n Europea<\/span><\/div><\/div><\/div>\n<div class=\"col-md-6 col-sm-6 col-xs-12 pt-cv-content-item pt-cv-1-col\"  data-pid=\"15773\"><div class='pt-cv-ifield'><a href=\"https:\/\/aac-europe.org\/es\/publication\/respuesta-de-la-comision-europea-a-la-recomendacion-del-cca-sobre-el-uso-de-datos-satelitales-para-la-acuicultura\/\" class=\"_self pt-cv-href-thumbnail pt-cv-thumb-default cvplbd\" target=\"_self\" ><\/a>\n<h4 class=\"pt-cv-title post-category-respuestas-de-la-comisin-europea\"><a href=\"https:\/\/aac-europe.org\/es\/publication\/respuesta-de-la-comision-europea-a-la-recomendacion-del-cca-sobre-el-uso-de-datos-satelitales-para-la-acuicultura\/\" class=\"_self cvplbd\" target=\"_self\" >Respuesta de la Comisi\u00f3n Europea a la Recomendaci\u00f3n del CCA sobre el uso de datos satelitales para la acuicultura<\/a><\/h4>\n<div class=\"pt-cv-meta-fields\"><span class=\"entry-date\"> <time datetime=\"2026-01-19T13:09:57+00:00\">enero, 2026<\/time><\/span><span> \/ <\/span><span class=\"terms\"> Respuestas de la Comisi\u00f3n Europea<\/span><\/div><\/div><\/div>\n<div class=\"col-md-6 col-sm-6 col-xs-12 pt-cv-content-item pt-cv-1-col\"  data-pid=\"15704\"><div class='pt-cv-ifield'><a href=\"https:\/\/aac-europe.org\/es\/publication\/respuesta-de-la-comision-europea-a-la-recomendacion-del-cca-sobre-la-difusion-comunicacion-y-explotacion-de-la-investigacion-y-la-innovacion-para-la-acuicultura-europea\/\" class=\"_self pt-cv-href-thumbnail pt-cv-thumb-default cvplbd\" target=\"_self\" ><\/a>\n<h4 class=\"pt-cv-title post-category-respuestas-de-la-comisin-europea\"><a href=\"https:\/\/aac-europe.org\/es\/publication\/respuesta-de-la-comision-europea-a-la-recomendacion-del-cca-sobre-la-difusion-comunicacion-y-explotacion-de-la-investigacion-y-la-innovacion-para-la-acuicultura-europea\/\" class=\"_self cvplbd\" target=\"_self\" >Respuesta de la Comisi\u00f3n Europea a la Recomendaci\u00f3n del CCA sobre la difusi\u00f3n, comunicaci\u00f3n y explotaci\u00f3n de la investigaci\u00f3n y la innovaci\u00f3n para la acuicultura europea<\/a><\/h4>\n<div class=\"pt-cv-meta-fields\"><span class=\"entry-date\"> <time datetime=\"2025-12-18T16:19:09+00:00\">diciembre, 2025<\/time><\/span><span> \/ <\/span><span class=\"terms\"> Respuestas de la Comisi\u00f3n Europea<\/span><\/div><\/div><\/div>\n<div class=\"col-md-6 col-sm-6 col-xs-12 pt-cv-content-item pt-cv-1-col\"  data-pid=\"15701\"><div class='pt-cv-ifield'><a href=\"https:\/\/aac-europe.org\/es\/publication\/respuesta-de-la-comision-europea-a-la-recomendacion-del-cca-sobre-el-impacto-preocupante-del-cambio-climatico-en-la-produccion-de-mejillones-de-la-ue\/\" class=\"_self pt-cv-href-thumbnail pt-cv-thumb-default cvplbd\" target=\"_self\" ><\/a>\n<h4 class=\"pt-cv-title post-category-respuestas-de-la-comisin-europea\"><a href=\"https:\/\/aac-europe.org\/es\/publication\/respuesta-de-la-comision-europea-a-la-recomendacion-del-cca-sobre-el-impacto-preocupante-del-cambio-climatico-en-la-produccion-de-mejillones-de-la-ue\/\" class=\"_self cvplbd\" target=\"_self\" >Respuesta de la Comisi\u00f3n Europea a la Recomendaci\u00f3n del CCA sobre el impacto preocupante del cambio clim\u00e1tico en la producci\u00f3n de mejillones de la UE<\/a><\/h4>\n<div class=\"pt-cv-meta-fields\"><span class=\"entry-date\"> <time datetime=\"2025-12-18T16:15:19+00:00\">diciembre, 2025<\/time><\/span><span> \/ <\/span><span class=\"terms\"> Respuestas de la Comisi\u00f3n Europea<\/span><\/div><\/div><\/div>\n<div class=\"col-md-6 col-sm-6 col-xs-12 pt-cv-content-item pt-cv-1-col\"  data-pid=\"15698\"><div class='pt-cv-ifield'><a href=\"https:\/\/aac-europe.org\/es\/publication\/respuesta-de-la-comision-europea-a-la-recomendacion-del-cca-sobre-la-creacion-de-nuevos-instrumentos-financieros-de-la-ue-para-apoyar-las-buenas-practicas-ganaderas-en-el-cultivo-de-marisco\/\" class=\"_self pt-cv-href-thumbnail pt-cv-thumb-default cvplbd\" target=\"_self\" ><\/a>\n<h4 class=\"pt-cv-title post-category-respuestas-de-la-comisin-europea\"><a href=\"https:\/\/aac-europe.org\/es\/publication\/respuesta-de-la-comision-europea-a-la-recomendacion-del-cca-sobre-la-creacion-de-nuevos-instrumentos-financieros-de-la-ue-para-apoyar-las-buenas-practicas-ganaderas-en-el-cultivo-de-marisco\/\" class=\"_self cvplbd\" target=\"_self\" >Respuesta de la Comisi\u00f3n Europea a la Recomendaci\u00f3n del CCA sobre la creaci\u00f3n de nuevos instrumentos financieros de la UE para apoyar las buenas pr\u00e1cticas ganaderas en el cultivo de marisco<\/a><\/h4>\n<div class=\"pt-cv-meta-fields\"><span class=\"entry-date\"> <time datetime=\"2025-12-18T16:08:19+00:00\">diciembre, 2025<\/time><\/span><span> \/ <\/span><span class=\"terms\"> Respuestas de la Comisi\u00f3n Europea<\/span><\/div><\/div><\/div><\/div><\/div>\n<div class=\"text-left pt-cv-pagination-wrapper\"><ul class=\"pt-cv-pagination pt-cv-ajax pagination\" data-totalpages=\"6\" data-currentpage=\"1\" data-sid=\"f4a59e56bf\" data-unid=\"\" data-isblock=\"\" data-postid=\"\"><li class=\"active\"><a href=\"#\">1<\/a><\/li>\n\t<li ><a class=\"\" href=\"https:\/\/aac-europe.org\/es\/wp-json\/wp\/v2\/pages\/12073\/?_page=2\">2<\/a><\/li>\n\t<li ><a class=\"\" href=\"https:\/\/aac-europe.org\/es\/wp-json\/wp\/v2\/pages\/12073\/?_page=3\">3<\/a><\/li>\n\t<li ><a href=\"#\">&hellip;<\/a><\/li>\n\t<li ><a class=\"\" href=\"https:\/\/aac-europe.org\/es\/wp-json\/wp\/v2\/pages\/12073\/?_page=6\">6<\/a><\/li>\n\t<li ><a class=\" \" href=\"https:\/\/aac-europe.org\/es\/wp-json\/wp\/v2\/pages\/12073\/?_page=2\">&rsaquo;<\/a><\/li>\n\t<\/ul><img width=\"15\" height=\"15\" class=\"pt-cv-spinner\" alt=\"Loading...\" src=\"data:image\/gif;base64,R0lGODlhDwAPALMPAMrKygwMDJOTkz09PZWVla+vr3p6euTk5M7OzuXl5TMzMwAAAJmZmWZmZszMzP\/\/\/yH\/C05FVFNDQVBFMi4wAwEAAAAh+QQFCgAPACwAAAAADwAPAAAEQvDJaZaZOIcV8iQK8VRX4iTYoAwZ4iCYoAjZ4RxejhVNoT+mRGP4cyF4Pp0N98sBGIBMEMOotl6YZ3S61Bmbkm4mAgAh+QQFCgAPACwAAAAADQANAAAENPDJSRSZeA418itN8QiK8BiLITVsFiyBBIoYqnoewAD4xPw9iY4XLGYSjkQR4UAUD45DLwIAIfkEBQoADwAsAAAAAA8ACQAABC\/wyVlamTi3nSdgwFNdhEJgTJoNyoB9ISYoQmdjiZPcj7EYCAeCF1gEDo4Dz2eIAAAh+QQFCgAPACwCAAAADQANAAAEM\/DJBxiYeLKdX3IJZT1FU0iIg2RNKx3OkZVnZ98ToRD4MyiDnkAh6BkNC0MvsAj0kMpHBAAh+QQFCgAPACwGAAAACQAPAAAEMDC59KpFDll73HkAA2wVY5KgiK5b0RRoI6MuzG6EQqCDMlSGheEhUAgqgUUAFRySIgAh+QQFCgAPACwCAAIADQANAAAEM\/DJKZNLND\/kkKaHc3xk+QAMYDKsiaqmZCxGVjSFFCxB1vwy2oOgIDxuucxAMTAJFAJNBAAh+QQFCgAPACwAAAYADwAJAAAEMNAs86q1yaWwwv2Ig0jUZx3OYa4XoRAfwADXoAwfo1+CIjyFRuEho60aSNYlOPxEAAAh+QQFCgAPACwAAAIADQANAAAENPA9s4y8+IUVcqaWJ4qEQozSoAzoIyhCK2NFU2SJk0hNnyEOhKR2AzAAj4Pj4GE4W0bkJQIAOw==\" \/><div class=\"clear pt-cv-clear-pagination\"><\/div><\/div><\/div>\t\t\t<style type=\"text\/css\" id=\"pt-cv-inline-style-31a5bc1qup\">#pt-cv-view-f4a59e56bf .pt-cv-title a, #pt-cv-view-f4a59e56bf  .panel-title { font-weight: 600 !important; }\n#pt-cv-view-f4a59e56bf .pt-cv-carousel-caption  { background-color: rgba(51,51,51,.6) !important; }\n#pt-cv-view-f4a59e56bf .pt-cv-specialp { background-color: #CC3333 !important }\n#pt-cv-view-f4a59e56bf .pt-cv-specialp * { color: #fff !important; }\n#pt-cv-view-f4a59e56bf .pt-cv-pficon  { color: #bbb !important; }\n#pt-cv-view-f4a59e56bf .pt-cv-readmore  { color: #ffffff !important; background-color: #10a1a0 !important; }\n#pt-cv-view-f4a59e56bf .pt-cv-readmore:hover  { color: #ffffff !important; background-color: #10a1a0 !important; }\n#pt-cv-view-f4a59e56bf  + .pt-cv-pagination-wrapper .pt-cv-more , #pt-cv-view-f4a59e56bf  + .pt-cv-pagination-wrapper .pagination .active a, .pt-cv-pagination[data-sid='f4a59e56bf'] .active a { color: #ffffff !important; background-color: #10a1a0 !important; }<\/style>\r\n\t\t\t\n","protected":false},"excerpt":{"rendered":"Palabras claveCategoryAllRespuestas de la Comisi\u00f3n Europea (53) Respuesta de la Comisi\u00f3n Europea a la Recomendaci\u00f3n del CCA sobre el informe relativo a la evaluaci\u00f3n intermedia de las Directrices Estrat\u00e9gicas y [...]","protected":false},"author":1,"featured_media":0,"parent":12067,"menu_order":2,"comment_status":"closed","ping_status":"closed","template":"","meta":[],"acf":[],"_links":{"self":[{"href":"https:\/\/aac-europe.org\/es\/wp-json\/wp\/v2\/pages\/12073"}],"collection":[{"href":"https:\/\/aac-europe.org\/es\/wp-json\/wp\/v2\/pages"}],"about":[{"href":"https:\/\/aac-europe.org\/es\/wp-json\/wp\/v2\/types\/page"}],"author":[{"embeddable":true,"href":"https:\/\/aac-europe.org\/es\/wp-json\/wp\/v2\/users\/1"}],"replies":[{"embeddable":true,"href":"https:\/\/aac-europe.org\/es\/wp-json\/wp\/v2\/comments?post=12073"}],"version-history":[{"count":4,"href":"https:\/\/aac-europe.org\/es\/wp-json\/wp\/v2\/pages\/12073\/revisions"}],"predecessor-version":[{"id":12584,"href":"https:\/\/aac-europe.org\/es\/wp-json\/wp\/v2\/pages\/12073\/revisions\/12584"}],"up":[{"embeddable":true,"href":"https:\/\/aac-europe.org\/es\/wp-json\/wp\/v2\/pages\/12067"}],"wp:attachment":[{"href":"https:\/\/aac-europe.org\/es\/wp-json\/wp\/v2\/media?parent=12073"}],"curies":[{"name":"wp","href":"https:\/\/api.w.org\/{rel}","templated":true}]}}