{"id":12075,"date":"2023-01-21T13:45:48","date_gmt":"2023-01-21T13:45:48","guid":{"rendered":"http:\/\/aac-europe.org\/recommendations\/correspondence\/"},"modified":"2023-02-14T09:06:23","modified_gmt":"2023-02-14T09:06:23","slug":"correspondencia","status":"publish","type":"page","link":"https:\/\/aac-europe.org\/es\/opiniones\/correspondencia\/","title":{"rendered":"Correspondencia"},"content":{"rendered":"<div class=\"pt-cv-wrapper\"><div class=\"cvp-live-filter cvp-search-box \" id=\"\" data-name=\"_search\" data-sid=\"b9aab02pr4\"><label for='sf_1644' class=\"cvp-label\">Palabras clave<\/label><input type=\"text\" id=\"sf_1644\" name=\"_search\" value=\"\" data-nosubmit=\"true\" placeholder=\"\"\/><\/div><div class=\"cvp-live-filter cvp-dropdown \" id=\"\" data-name=\"tx_category\" data-sid=\"b9aab02pr4\"><label class=\"cvp-label\">Category<\/label><select name=\"tx_category\"><option value=\"\">All<\/option><option value=\"opiniones-correspondancias\" >Correspondancias<span class=\"cvp-count\"> (18)<\/span><\/option><\/select><\/div><div class=\"pt-cv-view pt-cv-grid pt-cv-colsys pt-cv-same-height pt-cv-pgregular cvp-lfres\" id=\"pt-cv-view-b9aab02pr4\"><div data-id=\"pt-cv-page-1\" class=\"pt-cv-page\" data-cvc=\"2\" data-cvct=\"2\" data-cvcm=\"1\"><div class=\"col-md-6 col-sm-6 col-xs-12 pt-cv-content-item pt-cv-1-col\"  data-pid=\"15883\"><div class='pt-cv-ifield'><a href=\"https:\/\/aac-europe.org\/es\/publication\/carta-del-cca-al-sr-costas-kadis-sobre-el-reconocimiento-de-la-acuicultura-continental-y-el-bienestar-animal-en-el-marco-del-pacto-por-los-oceanos-y-el-consejo-de-los-oceanos\/\" class=\"_self pt-cv-href-thumbnail pt-cv-thumb-default cvplbd\" target=\"_self\" ><\/a>\n<h4 class=\"pt-cv-title post-category-correspondancias\"><a href=\"https:\/\/aac-europe.org\/es\/publication\/carta-del-cca-al-sr-costas-kadis-sobre-el-reconocimiento-de-la-acuicultura-continental-y-el-bienestar-animal-en-el-marco-del-pacto-por-los-oceanos-y-el-consejo-de-los-oceanos\/\" class=\"_self cvplbd\" target=\"_self\" >Carta del CCA al Sr. Costas Kadis sobre el reconocimiento de la acuicultura continental y el bienestar animal en el marco del Pacto por los Oc\u00e9anos y el Consejo de los Oc\u00e9anos<\/a><\/h4>\n<div class=\"pt-cv-meta-fields\"><span class=\"entry-date\"> <time datetime=\"2026-03-17T15:21:50+00:00\">marzo, 2026<\/time><\/span><span> \/ <\/span><span class=\"terms\"> Correspondancias<\/span><\/div><\/div><\/div>\n<div class=\"col-md-6 col-sm-6 col-xs-12 pt-cv-content-item pt-cv-1-col\"  data-pid=\"15881\"><div class='pt-cv-ifield'><a href=\"https:\/\/aac-europe.org\/es\/publication\/carta-de-inter-cc-al-sr-costas-kadis-sobre-el-consejo-europeo-de-los-oceanos\/\" class=\"_self pt-cv-href-thumbnail pt-cv-thumb-default cvplbd\" target=\"_self\" ><\/a>\n<h4 class=\"pt-cv-title post-category-correspondancias\"><a href=\"https:\/\/aac-europe.org\/es\/publication\/carta-de-inter-cc-al-sr-costas-kadis-sobre-el-consejo-europeo-de-los-oceanos\/\" class=\"_self cvplbd\" target=\"_self\" >Carta de Inter-CC al Sr. Costas Kadis sobre el Consejo Europeo de los Oc\u00e9anos<\/a><\/h4>\n<div class=\"pt-cv-meta-fields\"><span class=\"entry-date\"> <time datetime=\"2026-03-17T15:19:06+00:00\">marzo, 2026<\/time><\/span><span> \/ <\/span><span class=\"terms\"> Correspondancias<\/span><\/div><\/div><\/div>\n<div class=\"col-md-6 col-sm-6 col-xs-12 pt-cv-content-item pt-cv-1-col\"  data-pid=\"15824\"><div class='pt-cv-ifield'><a href=\"https:\/\/aac-europe.org\/es\/publication\/nota-informativa-del-cca-sobre-los-retos-a-los-que-se-enfrenta-el-sector-de-los-moluscos-bivalvos-y-las-formas-de-abordarlos\/\" class=\"_self pt-cv-href-thumbnail pt-cv-thumb-default cvplbd\" target=\"_self\" ><\/a>\n<h4 class=\"pt-cv-title post-category-correspondancias\"><a href=\"https:\/\/aac-europe.org\/es\/publication\/nota-informativa-del-cca-sobre-los-retos-a-los-que-se-enfrenta-el-sector-de-los-moluscos-bivalvos-y-las-formas-de-abordarlos\/\" class=\"_self cvplbd\" target=\"_self\" >Nota informativa del CCA sobre los retos a los que se enfrenta el sector de los moluscos bivalvos y las formas de abordarlos<\/a><\/h4>\n<div class=\"pt-cv-meta-fields\"><span class=\"entry-date\"> <time datetime=\"2026-02-24T10:16:02+00:00\">febrero, 2026<\/time><\/span><span> \/ <\/span><span class=\"terms\"> agua, bivalvo, cambio clim\u00e1tico, Correspondancias, cr\u00eda, mejillones, molusco<\/span><\/div><\/div><\/div>\n<div class=\"col-md-6 col-sm-6 col-xs-12 pt-cv-content-item pt-cv-1-col\"  data-pid=\"15778\"><div class='pt-cv-ifield'><a href=\"https:\/\/aac-europe.org\/es\/publication\/carta-del-cca-sobre-la-respuesta-de-la-ce-a-la-recomendacion-sobre-el-bienestar-de-los-moluscos\/\" class=\"_self pt-cv-href-thumbnail pt-cv-thumb-default cvplbd\" target=\"_self\" ><\/a>\n<h4 class=\"pt-cv-title post-category-correspondancias\"><a href=\"https:\/\/aac-europe.org\/es\/publication\/carta-del-cca-sobre-la-respuesta-de-la-ce-a-la-recomendacion-sobre-el-bienestar-de-los-moluscos\/\" class=\"_self cvplbd\" target=\"_self\" >Carta del CCA sobre la respuesta de la CE a la Recomendaci\u00f3n sobre el bienestar de los moluscos<\/a><\/h4>\n<div class=\"pt-cv-meta-fields\"><span class=\"entry-date\"> <time datetime=\"2026-01-19T13:22:14+00:00\">enero, 2026<\/time><\/span><span> \/ <\/span><span class=\"terms\"> bienestar, bienestar de los moluscos, bivalvos, Correspondancias, sintiencia<\/span><\/div><\/div><\/div>\n<div class=\"col-md-6 col-sm-6 col-xs-12 pt-cv-content-item pt-cv-1-col\"  data-pid=\"15431\"><div class='pt-cv-ifield'><a href=\"https:\/\/aac-europe.org\/es\/publication\/dictamen-conjunto-inter-cc-sobre-la-mejora-del-papel-y-funcionamiento-de-los-consejos-consultivos-de-la-ue-recomendaciones-para-informar-la-evaluacion-de-la-politica-pesquera-comun\/\" class=\"_self pt-cv-href-thumbnail pt-cv-thumb-default cvplbd\" target=\"_self\" ><\/a>\n<h4 class=\"pt-cv-title post-category-correspondancias\"><a href=\"https:\/\/aac-europe.org\/es\/publication\/dictamen-conjunto-inter-cc-sobre-la-mejora-del-papel-y-funcionamiento-de-los-consejos-consultivos-de-la-ue-recomendaciones-para-informar-la-evaluacion-de-la-politica-pesquera-comun\/\" class=\"_self cvplbd\" target=\"_self\" >Dictamen conjunto Inter-CC sobre la mejora del papel y funcionamiento de los consejos consultivos de la UE: Recomendaciones para informar la evaluaci\u00f3n de la Pol\u00edtica Pesquera Com\u00fan<\/a><\/h4>\n<div class=\"pt-cv-meta-fields\"><span class=\"entry-date\"> <time datetime=\"2025-09-02T14:39:21+00:00\">septiembre, 2025<\/time><\/span><span> \/ <\/span><span class=\"terms\"> consejos consultivos, Correspondancias, DG MARE, inter-CC, pol\u00edtica pesquera com\u00fan<\/span><\/div><\/div><\/div>\n<div class=\"col-md-6 col-sm-6 col-xs-12 pt-cv-content-item pt-cv-1-col\"  data-pid=\"15395\"><div class='pt-cv-ifield'><a href=\"https:\/\/aac-europe.org\/es\/publication\/segunda-nota-informativa-del-cca-a-la-dg-mare-sobre-el-documento-de-orientacion-sobre-comportamiento-medioambiental-2\/\" class=\"_self pt-cv-href-thumbnail pt-cv-thumb-default cvplbd\" target=\"_self\" ><\/a>\n<h4 class=\"pt-cv-title post-category-correspondancias\"><a href=\"https:\/\/aac-europe.org\/es\/publication\/segunda-nota-informativa-del-cca-a-la-dg-mare-sobre-el-documento-de-orientacion-sobre-comportamiento-medioambiental-2\/\" class=\"_self cvplbd\" target=\"_self\" >Segunda nota informativa del CCA a la DG MARE sobre el documento de orientaci\u00f3n sobre comportamiento medioambiental<\/a><\/h4>\n<div class=\"pt-cv-meta-fields\"><span class=\"entry-date\"> <time datetime=\"2025-07-31T13:55:43+00:00\">julio, 2025<\/time><\/span><span> \/ <\/span><span class=\"terms\"> aquaculture, comportamiento medioambiental, Correspondancias, documento de orientaci\u00f3n, nota informativa, orientaciones estrat\u00e9gicas<\/span><\/div><\/div><\/div>\n<div class=\"col-md-6 col-sm-6 col-xs-12 pt-cv-content-item pt-cv-1-col\"  data-pid=\"15340\"><div class='pt-cv-ifield'><a href=\"https:\/\/aac-europe.org\/es\/publication\/carta-de-inter-cc-al-sr-costas-kadis-sobre-el-futurp-del-marco-financiero-pluriannual\/\" class=\"_self pt-cv-href-thumbnail pt-cv-thumb-default cvplbd\" target=\"_self\" ><\/a>\n<h4 class=\"pt-cv-title post-category-correspondancias\"><a href=\"https:\/\/aac-europe.org\/es\/publication\/carta-de-inter-cc-al-sr-costas-kadis-sobre-el-futurp-del-marco-financiero-pluriannual\/\" class=\"_self cvplbd\" target=\"_self\" >Carta de Inter-CC al Sr. Costas Kadis sobre el futuro del Marco Financiero Plurianual<\/a><\/h4>\n<div class=\"pt-cv-meta-fields\"><span class=\"entry-date\"> <time datetime=\"2025-07-15T09:42:59+00:00\">julio, 2025<\/time><\/span><span> \/ <\/span><span class=\"terms\"> comisario, Correspondancias, inter-AC, inter-CC, marco financiero plurianual<\/span><\/div><\/div><\/div>\n<div class=\"col-md-6 col-sm-6 col-xs-12 pt-cv-content-item pt-cv-1-col\"  data-pid=\"15247\"><div class='pt-cv-ifield'><a href=\"https:\/\/aac-europe.org\/es\/publication\/carta-del-cca-sobre-el-retraso-de-los-mandatos-de-la-efsa-relativos-a-los-peces-de-cultivo-y-los-invertebrados-y-la-revision-del-bienestar-animal\/\" class=\"_self pt-cv-href-thumbnail pt-cv-thumb-default cvplbd\" target=\"_self\" ><\/a>\n<h4 class=\"pt-cv-title post-category-correspondancias\"><a href=\"https:\/\/aac-europe.org\/es\/publication\/carta-del-cca-sobre-el-retraso-de-los-mandatos-de-la-efsa-relativos-a-los-peces-de-cultivo-y-los-invertebrados-y-la-revision-del-bienestar-animal\/\" class=\"_self cvplbd\" target=\"_self\" >Carta del CCA sobre el retraso de los mandatos de la EFSA relativos a los peces de cultivo y los invertebrados, y la revisi\u00f3n del bienestar animal<\/a><\/h4>\n<div class=\"pt-cv-meta-fields\"><span class=\"entry-date\"> <time datetime=\"2025-05-26T09:57:16+00:00\">mayo, 2025<\/time><\/span><span> \/ <\/span><span class=\"terms\"> animal welfare, Correspondancias, EFSA, invertebrados, Letter, pescado<\/span><\/div><\/div><\/div>\n<div class=\"col-md-6 col-sm-6 col-xs-12 pt-cv-content-item pt-cv-1-col\"  data-pid=\"15000\"><div class='pt-cv-ifield'><a href=\"https:\/\/aac-europe.org\/es\/publication\/segunda-nota-informativa-del-cca-a-la-dg-mare-sobre-el-documento-de-orientacion-sobre-comportamiento-medioambiental\/\" class=\"_self pt-cv-href-thumbnail pt-cv-thumb-default cvplbd\" target=\"_self\" ><\/a>\n<h4 class=\"pt-cv-title post-category-correspondancias\"><a href=\"https:\/\/aac-europe.org\/es\/publication\/segunda-nota-informativa-del-cca-a-la-dg-mare-sobre-el-documento-de-orientacion-sobre-comportamiento-medioambiental\/\" class=\"_self cvplbd\" target=\"_self\" >Nota informativa del CCA a la DG MARE sobre el documento de orientaci\u00f3n sobre comportamiento medioambiental<\/a><\/h4>\n<div class=\"pt-cv-meta-fields\"><span class=\"entry-date\"> <time datetime=\"2025-01-08T09:37:13+00:00\">enero, 2025<\/time><\/span><span> \/ <\/span><span class=\"terms\"> aquaculture, comportamiento medioambiental, Correspondancias, documento de orientaci\u00f3n, nota informativa, orientaciones estrat\u00e9gicas<\/span><\/div><\/div><\/div>\n<div class=\"col-md-6 col-sm-6 col-xs-12 pt-cv-content-item pt-cv-1-col\"  data-pid=\"14941\"><div class='pt-cv-ifield'><a href=\"https:\/\/aac-europe.org\/es\/publication\/carta-de-inter-cc-al-sr-costas-kadis-para-su-aprobacion-parlamentaria-como-comisario-de-pesca-y-oceanos\/\" class=\"_self pt-cv-href-thumbnail pt-cv-thumb-default cvplbd\" target=\"_self\" ><\/a>\n<h4 class=\"pt-cv-title post-category-correspondancias\"><a href=\"https:\/\/aac-europe.org\/es\/publication\/carta-de-inter-cc-al-sr-costas-kadis-para-su-aprobacion-parlamentaria-como-comisario-de-pesca-y-oceanos\/\" class=\"_self cvplbd\" target=\"_self\" >Carta de Inter-CC al Sr. Costas Kadis para su aprobaci\u00f3n parlamentaria como Comisario de Pesca y Oc\u00e9anos<\/a><\/h4>\n<div class=\"pt-cv-meta-fields\"><span class=\"entry-date\"> <time datetime=\"2024-11-26T13:29:06+00:00\">noviembre, 2024<\/time><\/span><span> \/ <\/span><span class=\"terms\"> acuicultura, carta, comisario, consejos consultivos, Correspondancias, inter-CC<\/span><\/div><\/div><\/div><\/div><\/div>\n<div class=\"text-left pt-cv-pagination-wrapper\"><ul class=\"pt-cv-pagination pt-cv-ajax pagination\" data-totalpages=\"2\" data-currentpage=\"1\" data-sid=\"b9aab02pr4\" data-unid=\"\" data-isblock=\"\" data-postid=\"\"><li class=\"active\"><a href=\"#\">1<\/a><\/li>\n\t<li ><a class=\"\" href=\"https:\/\/aac-europe.org\/es\/wp-json\/wp\/v2\/pages\/12075\/?_page=2\">2<\/a><\/li>\n\t<li ><a class=\" \" href=\"https:\/\/aac-europe.org\/es\/wp-json\/wp\/v2\/pages\/12075\/?_page=2\">&rsaquo;<\/a><\/li>\n\t<\/ul><img width=\"15\" height=\"15\" class=\"pt-cv-spinner\" alt=\"Loading...\" src=\"data:image\/gif;base64,R0lGODlhDwAPALMPAMrKygwMDJOTkz09PZWVla+vr3p6euTk5M7OzuXl5TMzMwAAAJmZmWZmZszMzP\/\/\/yH\/C05FVFNDQVBFMi4wAwEAAAAh+QQFCgAPACwAAAAADwAPAAAEQvDJaZaZOIcV8iQK8VRX4iTYoAwZ4iCYoAjZ4RxejhVNoT+mRGP4cyF4Pp0N98sBGIBMEMOotl6YZ3S61Bmbkm4mAgAh+QQFCgAPACwAAAAADQANAAAENPDJSRSZeA418itN8QiK8BiLITVsFiyBBIoYqnoewAD4xPw9iY4XLGYSjkQR4UAUD45DLwIAIfkEBQoADwAsAAAAAA8ACQAABC\/wyVlamTi3nSdgwFNdhEJgTJoNyoB9ISYoQmdjiZPcj7EYCAeCF1gEDo4Dz2eIAAAh+QQFCgAPACwCAAAADQANAAAEM\/DJBxiYeLKdX3IJZT1FU0iIg2RNKx3OkZVnZ98ToRD4MyiDnkAh6BkNC0MvsAj0kMpHBAAh+QQFCgAPACwGAAAACQAPAAAEMDC59KpFDll73HkAA2wVY5KgiK5b0RRoI6MuzG6EQqCDMlSGheEhUAgqgUUAFRySIgAh+QQFCgAPACwCAAIADQANAAAEM\/DJKZNLND\/kkKaHc3xk+QAMYDKsiaqmZCxGVjSFFCxB1vwy2oOgIDxuucxAMTAJFAJNBAAh+QQFCgAPACwAAAYADwAJAAAEMNAs86q1yaWwwv2Ig0jUZx3OYa4XoRAfwADXoAwfo1+CIjyFRuEho60aSNYlOPxEAAAh+QQFCgAPACwAAAIADQANAAAENPA9s4y8+IUVcqaWJ4qEQozSoAzoIyhCK2NFU2SJk0hNnyEOhKR2AzAAj4Pj4GE4W0bkJQIAOw==\" \/><div class=\"clear pt-cv-clear-pagination\"><\/div><\/div><\/div>\t\t\t<style type=\"text\/css\" id=\"pt-cv-inline-style-89f788dxry\">#pt-cv-view-b9aab02pr4 .pt-cv-title a, #pt-cv-view-b9aab02pr4  .panel-title { font-weight: 600 !important; }\n#pt-cv-view-b9aab02pr4 .pt-cv-carousel-caption  { background-color: rgba(51,51,51,.6) !important; }\n#pt-cv-view-b9aab02pr4 .pt-cv-specialp { background-color: #CC3333 !important }\n#pt-cv-view-b9aab02pr4 .pt-cv-specialp * { color: #fff !important; }\n#pt-cv-view-b9aab02pr4 .pt-cv-pficon  { color: #bbb !important; }\n#pt-cv-view-b9aab02pr4 .pt-cv-readmore  { color: #ffffff !important; background-color: #10a1a0 !important; }\n#pt-cv-view-b9aab02pr4 .pt-cv-readmore:hover  { color: #ffffff !important; background-color: #10a1a0 !important; }\n#pt-cv-view-b9aab02pr4  + .pt-cv-pagination-wrapper .pt-cv-more , #pt-cv-view-b9aab02pr4  + .pt-cv-pagination-wrapper .pagination .active a, .pt-cv-pagination[data-sid='b9aab02pr4'] .active a { color: #ffffff !important; background-color: #10a1a0 !important; }<\/style>\r\n\t\t\t\n","protected":false},"excerpt":{"rendered":"Palabras claveCategoryAllCorrespondancias (18) Carta del CCA al Sr. Costas Kadis sobre el reconocimiento de la acuicultura continental y el bienestar animal en el marco del Pacto por los Oc\u00e9anos y [...]","protected":false},"author":1,"featured_media":0,"parent":12067,"menu_order":0,"comment_status":"closed","ping_status":"closed","template":"","meta":[],"acf":[],"_links":{"self":[{"href":"https:\/\/aac-europe.org\/es\/wp-json\/wp\/v2\/pages\/12075"}],"collection":[{"href":"https:\/\/aac-europe.org\/es\/wp-json\/wp\/v2\/pages"}],"about":[{"href":"https:\/\/aac-europe.org\/es\/wp-json\/wp\/v2\/types\/page"}],"author":[{"embeddable":true,"href":"https:\/\/aac-europe.org\/es\/wp-json\/wp\/v2\/users\/1"}],"replies":[{"embeddable":true,"href":"https:\/\/aac-europe.org\/es\/wp-json\/wp\/v2\/comments?post=12075"}],"version-history":[{"count":2,"href":"https:\/\/aac-europe.org\/es\/wp-json\/wp\/v2\/pages\/12075\/revisions"}],"predecessor-version":[{"id":13152,"href":"https:\/\/aac-europe.org\/es\/wp-json\/wp\/v2\/pages\/12075\/revisions\/13152"}],"up":[{"embeddable":true,"href":"https:\/\/aac-europe.org\/es\/wp-json\/wp\/v2\/pages\/12067"}],"wp:attachment":[{"href":"https:\/\/aac-europe.org\/es\/wp-json\/wp\/v2\/media?parent=12075"}],"curies":[{"name":"wp","href":"https:\/\/api.w.org\/{rel}","templated":true}]}}