{"id":12081,"date":"2023-01-24T09:42:10","date_gmt":"2023-01-24T09:42:10","guid":{"rendered":"http:\/\/aac-europe.org\/news\/job-ads\/"},"modified":"2023-05-08T11:56:37","modified_gmt":"2023-05-08T11:56:37","slug":"job-ads","status":"publish","type":"page","link":"https:\/\/aac-europe.org\/es\/noticias\/job-ads\/","title":{"rendered":"Job Ads"},"content":{"rendered":"<p>[vc_row css=\u00bb.vc_custom_1678195589854{margin-right: 0px !important;margin-left: 0px !important;}\u00bb][vc_column css=\u00bb.vc_custom_1678195570610{background-color: rgba(163,163,163,0.37) !important;*background-color: rgb(163,163,163) !important;border-radius: 10px !important;}\u00bb][vc_column_text css=\u00bb.vc_custom_1683546990323{margin-right: 15px !important;margin-left: 15px !important;}\u00bb]<\/p>\n<p style=\"text-align: justify;\">En el cumplimiento de su misi\u00f3n, el Consejo Asesor de Acuicultura busca peri\u00f3dicamente el apoyo de expertos externos. Consulte en esta secci\u00f3n las convocatorias de consultores expertos.<\/p>\n<p>[\/vc_column_text][\/vc_column][\/vc_row]<\/p>\n","protected":false},"excerpt":{"rendered":"<p>[vc_row css=\u00bb.vc_custom_1678195589854{margin-right: 0px !important;margin-left: 0px !important;}\u00bb][vc_column css=\u00bb.vc_custom_1678195570610{background-color: rgba(163,163,163,0.37) !important;*background-color: rgb(163,163,163) !important;border-radius: 10px !important;}\u00bb][vc_column_text css=\u00bb.vc_custom_1683546990323{margin-right: 15px !important;margin-left: 15px !important;}\u00bb] En el cumplimiento de su misi\u00f3n, el Consejo Asesor de Acuicultura busca [&hellip;]<\/p>\n","protected":false},"author":1,"featured_media":0,"parent":12077,"menu_order":0,"comment_status":"closed","ping_status":"closed","template":"","meta":[],"acf":[],"_links":{"self":[{"href":"https:\/\/aac-europe.org\/es\/wp-json\/wp\/v2\/pages\/12081"}],"collection":[{"href":"https:\/\/aac-europe.org\/es\/wp-json\/wp\/v2\/pages"}],"about":[{"href":"https:\/\/aac-europe.org\/es\/wp-json\/wp\/v2\/types\/page"}],"author":[{"embeddable":true,"href":"https:\/\/aac-europe.org\/es\/wp-json\/wp\/v2\/users\/1"}],"replies":[{"embeddable":true,"href":"https:\/\/aac-europe.org\/es\/wp-json\/wp\/v2\/comments?post=12081"}],"version-history":[{"count":3,"href":"https:\/\/aac-europe.org\/es\/wp-json\/wp\/v2\/pages\/12081\/revisions"}],"predecessor-version":[{"id":13470,"href":"https:\/\/aac-europe.org\/es\/wp-json\/wp\/v2\/pages\/12081\/revisions\/13470"}],"up":[{"embeddable":true,"href":"https:\/\/aac-europe.org\/es\/wp-json\/wp\/v2\/pages\/12077"}],"wp:attachment":[{"href":"https:\/\/aac-europe.org\/es\/wp-json\/wp\/v2\/media?parent=12081"}],"curies":[{"name":"wp","href":"https:\/\/api.w.org\/{rel}","templated":true}]}}