{"id":11766,"date":"2017-09-30T09:51:40","date_gmt":"2017-09-30T09:51:40","guid":{"rendered":"https:\/\/aac-europe.org\/home-1\/"},"modified":"2026-03-18T16:29:49","modified_gmt":"2026-03-18T16:29:49","slug":"home","status":"publish","type":"page","link":"https:\/\/aac-europe.org\/fr\/","title":{"rendered":"Accueil"},"content":{"rendered":"<p>[vc_row][vc_column width=\u00a0\u00bb1\/2&Prime; el_class=\u00a0\u00bbhomepage-main-text-hidden\u00a0\u00bb][vc_column_text]CONSEIL\u00a0 CONSULTATIF\u00a0 DE\u00a0 L&rsquo;AQUACULTURE (CCA)[\/vc_column_text][\/vc_column][vc_column width=\u00a0\u00bb1\/2&Prime; el_class=\u00a0\u00bbhomepage-main-text-hidden\u00a0\u00bb][vc_column_text]Nous fournissons des recommandations \u00e0 la Commission europ\u00e9enne et aux \u00c9tats membres sur toutes les questions concernant la production aquacole de l&rsquo;UE.[\/vc_column_text][\/vc_column][\/vc_row][vc_row full_width=\u00a0\u00bbstretch_row_content_no_spaces\u00a0\u00bb css=\u00a0\u00bb.vc_custom_1674739562937{padding-top: 30px !important;background-color: #f9f9f9 !important;}\u00a0\u00bb][vc_column offset=\u00a0\u00bbvc_col-lg-4 vc_col-md-4&Prime;][nur_section_heading decoration=\u00a0\u00bbline\u00a0\u00bb el_class=\u00a0\u00bbml-md-0 text-center text-md-left\u00a0\u00bb css=\u00a0\u00bb.vc_custom_1683892287431{margin-bottom: 0px !important;border-bottom-width: 0px !important;padding-left: 50px !important;}\u00a0\u00bb]<\/p>\n<h2>Derni\u00e8res<br \/>\nRecommandations<\/h2>\n<p>[\/nur_section_heading][nur_feature_box layout=\u00a0\u00bblarge-icon icon-circle\u00a0\u00bb]<div class=\"pt-cv-wrapper\"><div class=\"pt-cv-view pt-cv-grid pt-cv-colsys pt-cv-same-height homepage\" id=\"pt-cv-view-bf1877cmxv\"><div data-id=\"pt-cv-page-1\" class=\"pt-cv-page\" data-cvc=\"1\" data-cvct=\"1\" data-cvcm=\"1\"><div class=\"col-md-12 col-sm-12 col-xs-12 pt-cv-content-item pt-cv-1-col\"  data-pid=\"15944\"><div class='pt-cv-ifield'><a href=\"https:\/\/aac-europe.org\/fr\/publication\/recommandation-du-cca-concernant-la-protection-de-laquaculture-dans-le-cadre-de-la-revision-prevue-de-la-directive-cadre-sur-leau\/\" class=\"_self pt-cv-href-thumbnail pt-cv-thumb-default cvplbd\" target=\"_self\" ><img width=\"2560\" height=\"1707\" src=\"https:\/\/aac-europe.org\/wp-content\/uploads\/2026\/04\/Leo-Kirchmaier-10-scaled.jpg\" class=\"pt-cv-thumbnail img-none skip-lazy \" alt=\"Recommandation du CCA concernant la protection de l&#039;aquaculture dans le cadre de la r\u00e9vision pr\u00e9vue de la directive-cadre sur l&#039;eau\" decoding=\"async\" \/><\/a>\n<h4 class=\"pt-cv-title post-category-recommandations\"><a href=\"https:\/\/aac-europe.org\/fr\/publication\/recommandation-du-cca-concernant-la-protection-de-laquaculture-dans-le-cadre-de-la-revision-prevue-de-la-directive-cadre-sur-leau\/\" class=\"_self cvplbd\" target=\"_self\" >Recommandation du CCA concernant la protection de l&rsquo;aquaculture dans le cadre de la r\u00e9vision pr\u00e9vue de la directive-cadre sur l&rsquo;eau<\/a><\/h4>\n<div class=\"pt-cv-meta-fields\"><span class=\"entry-date\"> <time datetime=\"2026-04-14T11:20:09+00:00\">avril, 2026<\/time><\/span><span> \/ <\/span><span class=\"terms\"> Aquaculture, Directive-cadre sur l'eau, Recommandations<\/span><\/div><\/div><\/div>\n<div class=\"col-md-12 col-sm-12 col-xs-12 pt-cv-content-item pt-cv-1-col\"  data-pid=\"15793\"><div class='pt-cv-ifield'><a href=\"https:\/\/aac-europe.org\/fr\/publication\/recommandation-du-cca-sur-le-rapport-devaluation-a-mi-parcours-des-orientations-strategiques-et-des-plans-strategiques-pluriannuels\/\" class=\"_self pt-cv-href-thumbnail pt-cv-thumb-default cvplbd\" target=\"_self\" ><img width=\"1520\" height=\"820\" src=\"https:\/\/aac-europe.org\/wp-content\/uploads\/2026\/01\/Aquaculture-Corfou-1520x820-1.png\" class=\"pt-cv-thumbnail img-none skip-lazy \" alt=\"Recommandation du CCA sur le rapport d&#039;\u00e9valuation \u00e0 mi-parcours des orientations strat\u00e9giques et des plans strat\u00e9giques pluriannuels\" decoding=\"async\" \/><\/a>\n<h4 class=\"pt-cv-title post-category-recommandations\"><a href=\"https:\/\/aac-europe.org\/fr\/publication\/recommandation-du-cca-sur-le-rapport-devaluation-a-mi-parcours-des-orientations-strategiques-et-des-plans-strategiques-pluriannuels\/\" class=\"_self cvplbd\" target=\"_self\" >Recommandation du CCA sur le rapport d&rsquo;\u00e9valuation \u00e0 mi-parcours des orientations strat\u00e9giques et des plans strat\u00e9giques pluriannuels<\/a><\/h4>\n<div class=\"pt-cv-meta-fields\"><span class=\"entry-date\"> <time datetime=\"2026-01-30T15:35:30+00:00\">janvier, 2026<\/time><\/span><span> \/ <\/span><span class=\"terms\"> aquaculture, \u00e9valuation \u00e0 mi-parcours, orientations strat\u00e9giques, plans strat\u00e9giques, Recommandations, Recommendations<\/span><\/div><\/div><\/div>\n<div class=\"col-md-12 col-sm-12 col-xs-12 pt-cv-content-item pt-cv-1-col\"  data-pid=\"15767\"><div class='pt-cv-ifield'><a href=\"https:\/\/aac-europe.org\/fr\/publication\/recommandation-du-cca-sur-les-indicateurs-pour-l-enquete-annuelle-des-etats-membres\/\" class=\"_self pt-cv-href-thumbnail pt-cv-thumb-default cvplbd\" target=\"_self\" ><img width=\"1280\" height=\"864\" src=\"https:\/\/aac-europe.org\/wp-content\/uploads\/2026\/01\/sunset-in-a-fish-farm.jpg\" class=\"pt-cv-thumbnail img-none skip-lazy \" alt=\"Recommandation du CCA sur les indicateurs pour l&#039;enqu\u00eate annuelle des \u00c9tats membres\" decoding=\"async\" \/><\/a>\n<h4 class=\"pt-cv-title post-category-recommandations\"><a href=\"https:\/\/aac-europe.org\/fr\/publication\/recommandation-du-cca-sur-les-indicateurs-pour-l-enquete-annuelle-des-etats-membres\/\" class=\"_self cvplbd\" target=\"_self\" >Recommandation du CCA sur les indicateurs pour l&rsquo;enqu\u00eate annuelle des \u00c9tats membres<\/a><\/h4>\n<div class=\"pt-cv-meta-fields\"><span class=\"entry-date\"> <time datetime=\"2026-01-16T14:20:20+00:00\">janvier, 2026<\/time><\/span><span> \/ <\/span><span class=\"terms\"> FEAMPA, indicateurs de performance, orientations strat\u00e9giques, rapport sur l\u2019\u00e9valuation \u00e0 mi-parcours, Recommandations, Recommendations<\/span><\/div><\/div><\/div>\n<div class=\"col-md-12 col-sm-12 col-xs-12 pt-cv-content-item pt-cv-1-col\"  data-pid=\"15708\"><div class='pt-cv-ifield'><a href=\"https:\/\/aac-europe.org\/fr\/publication\/recommandation-du-cca-sur-le-variant-delete-dans-la-rhp-du-virus-de-lanemie-infectieuse-du-saumon\/\" class=\"_self pt-cv-href-thumbnail pt-cv-thumb-default cvplbd\" target=\"_self\" ><img width=\"2560\" height=\"1707\" src=\"https:\/\/aac-europe.org\/wp-content\/uploads\/2026\/01\/DSCF9367-scaled.jpg\" class=\"pt-cv-thumbnail img-none skip-lazy \" alt=\"Recommandation du CCA sur le variant d\u00e9l\u00e9t\u00e9 dans la RHP du virus de l&#039;an\u00e9mie infectieuse du saumon\" decoding=\"async\" \/><\/a>\n<h4 class=\"pt-cv-title post-category-recommandations\"><a href=\"https:\/\/aac-europe.org\/fr\/publication\/recommandation-du-cca-sur-le-variant-delete-dans-la-rhp-du-virus-de-lanemie-infectieuse-du-saumon\/\" class=\"_self cvplbd\" target=\"_self\" >Recommandation du CCA sur le variant d\u00e9l\u00e9t\u00e9 dans la RHP du virus de l&rsquo;an\u00e9mie infectieuse du saumon<\/a><\/h4>\n<div class=\"pt-cv-meta-fields\"><span class=\"entry-date\"> <time datetime=\"2026-01-05T13:37:45+00:00\">janvier, 2026<\/time><\/span><span> \/ <\/span><span class=\"terms\"> infectieux, l\u00e9gislation sur la sant\u00e9 animale, maladies, poisson, Recommandations, Recommendations, RHP, truite arc-en-ciel, truite commune, VAIS, virus<\/span><\/div><\/div><\/div>\n<div class=\"col-md-12 col-sm-12 col-xs-12 pt-cv-content-item pt-cv-1-col\"  data-pid=\"15541\"><div class='pt-cv-ifield'><a href=\"https:\/\/aac-europe.org\/fr\/publication\/recommandation-du-cca-sur-les-statistiques-europeennes-de-la-peche-et-de-l-aquaculture\/\" class=\"_self pt-cv-href-thumbnail pt-cv-thumb-default cvplbd\" target=\"_self\" ><img width=\"2560\" height=\"1440\" src=\"https:\/\/aac-europe.org\/wp-content\/uploads\/2025\/11\/image-9-scaled.jpg\" class=\"pt-cv-thumbnail img-none skip-lazy \" alt=\"Recommandation du CCA sur les statistiques europ\u00e9ennes de la p\u00eache et de l&#039;aquaculture\" decoding=\"async\" \/><\/a>\n<h4 class=\"pt-cv-title post-category-recommandations\"><a href=\"https:\/\/aac-europe.org\/fr\/publication\/recommandation-du-cca-sur-les-statistiques-europeennes-de-la-peche-et-de-l-aquaculture\/\" class=\"_self cvplbd\" target=\"_self\" >Recommandation du CCA sur les statistiques europ\u00e9ennes de la p\u00eache et de l&rsquo;aquaculture<\/a><\/h4>\n<div class=\"pt-cv-meta-fields\"><span class=\"entry-date\"> <time datetime=\"2025-11-03T12:53:23+00:00\">novembre, 2025<\/time><\/span><span> \/ <\/span><span class=\"terms\"> Aquaculture, collecte de donn\u00e9es, Recommandations, Recommandations, Recommendations, statistiques, statistiques europ\u00e9ennes de la p\u00eache et de l'aquaculture<\/span><\/div><\/div><\/div><\/div><\/div><\/div>\t\t\t<style type=\"text\/css\" id=\"pt-cv-inline-style-c20fd5fyps\">#pt-cv-view-bf1877cmxv .pt-cv-title a, #pt-cv-view-bf1877cmxv  .panel-title { font-weight: 600 !important; }\n#pt-cv-view-bf1877cmxv .pt-cv-carousel-caption  { background-color: rgba(51,51,51,.6) !important; }\n#pt-cv-view-bf1877cmxv .pt-cv-specialp { background-color: #CC3333 !important }\n#pt-cv-view-bf1877cmxv .pt-cv-specialp * { color: #fff !important; }\n#pt-cv-view-bf1877cmxv .pt-cv-pficon  { color: #bbb !important; }\n#pt-cv-view-bf1877cmxv .pt-cv-readmore  { color: #ffffff !important; background-color: #00aeef !important; }\n#pt-cv-view-bf1877cmxv .pt-cv-readmore:hover  { color: #ffffff !important; background-color: #00aeef !important; }\n#pt-cv-view-bf1877cmxv  + .pt-cv-pagination-wrapper .pt-cv-more , #pt-cv-view-bf1877cmxv  + .pt-cv-pagination-wrapper .pagination .active a, .pt-cv-pagination[data-sid='bf1877cmxv'] .active a { color: #ffffff !important; background-color: #00aeef !important; }<\/style>\r\n\t\t\t[\/nur_feature_box][\/vc_column][vc_column width=\u00a0\u00bb11\/12&Prime; offset=\u00a0\u00bbvc_col-lg-4 vc_col-md-4&Prime;][nur_section_heading decoration=\u00a0\u00bbline\u00a0\u00bb el_class=\u00a0\u00bbml-md-0 text-center text-md-left\u00a0\u00bb css=\u00a0\u00bb.vc_custom_1773851378299{margin-bottom: 0px !important;border-bottom-width: 0px !important;padding-left: 50px !important;}\u00a0\u00bb]<\/p>\n<h2>Webinaires<\/h2>\n<p>[\/nur_section_heading][nur_feature_box layout=\u00a0\u00bblarge-icon icon-circle\u00a0\u00bb]<\/p>\n<div class=\"elfsight-app-605f3ebe-70b0-4df1-8a33-cb6535db6490\" data-elfsight-app-lazy=\"\"><\/div>\n<p>[\/nur_feature_box][nur_section_heading decoration=\u00a0\u00bbline\u00a0\u00bb el_class=\u00a0\u00bbml-md-0 text-center text-md-left\u00a0\u00bb css=\u00a0\u00bb.vc_custom_1683892301972{margin-bottom: 0px !important;border-bottom-width: 0px !important;padding-left: 50px !important;}\u00a0\u00bb]<\/p>\n<h2>Derni\u00e8res<br \/>\nNouvelles<\/h2>\n<p>[\/nur_section_heading][nur_feature_box layout=\u00a0\u00bblarge-icon icon-circle\u00a0\u00bb]<div class=\"pt-cv-wrapper\"><div class=\"pt-cv-view pt-cv-grid pt-cv-colsys pt-cv-same-height homepage\" id=\"pt-cv-view-2182d0ec8r\"><div data-id=\"pt-cv-page-1\" class=\"pt-cv-page\" data-cvc=\"1\" data-cvct=\"1\" data-cvcm=\"1\"><div class=\"col-md-12 col-sm-12 col-xs-12 pt-cv-content-item pt-cv-1-col\"  data-pid=\"13397\"><div class='pt-cv-ifield'><a href=\"https:\/\/aac-europe.org\/fr\/news_item\/press-release-aac-recommendations-for-the-future-of-eu-sustainable-aquaculture-presented-at-the-eu-member-states-aquaculture-technical-seminar\/\" class=\"_self pt-cv-href-thumbnail pt-cv-thumb-default cvplbd\" target=\"_self\" ><\/a>\n<h4 class=\"pt-cv-title post-category\"><a href=\"https:\/\/aac-europe.org\/fr\/news_item\/press-release-aac-recommendations-for-the-future-of-eu-sustainable-aquaculture-presented-at-the-eu-member-states-aquaculture-technical-seminar\/\" class=\"_self cvplbd\" target=\"_self\" >PRESS RELEASE &#8211; AAC recommendations for the future of EU sustainable aquaculture presented at the EU-Member States Aquaculture Technical Seminar<\/a><\/h4>\n<div class=\"pt-cv-meta-fields\"><span class=\"entry-date\"> <time datetime=\"2023-03-27T12:02:00+00:00\">mars 27, 2023<\/time><\/span><\/div><\/div><\/div>\n<div class=\"col-md-12 col-sm-12 col-xs-12 pt-cv-content-item pt-cv-1-col\"  data-pid=\"10704\"><div class='pt-cv-ifield'><a href=\"https:\/\/aac-europe.org\/fr\/news_item\/aquaculture-europeenne-soutenir-les-agriculteurs-de-l-eau\/\" class=\"_self pt-cv-href-thumbnail pt-cv-thumb-default cvplbd\" target=\"_self\" ><\/a>\n<h4 class=\"pt-cv-title post-category-presse\"><a href=\"https:\/\/aac-europe.org\/fr\/news_item\/aquaculture-europeenne-soutenir-les-agriculteurs-de-l-eau\/\" class=\"_self cvplbd\" target=\"_self\" >Aquaculture europ\u00e9enne : Soutenir les agriculteurs de l\u2019eau<\/a><\/h4>\n<div class=\"pt-cv-meta-fields\"><span class=\"entry-date\"> <time datetime=\"2018-06-20T14:48:34+00:00\">juin 20, 2018<\/time><\/span><span> \/ <\/span><span class=\"terms\"> Presse<\/span><\/div><\/div><\/div><\/div><\/div><\/div>\t\t\t<style type=\"text\/css\" id=\"pt-cv-inline-style-4b0cefcwhn\">#pt-cv-view-2182d0ec8r .pt-cv-title a, #pt-cv-view-2182d0ec8r  .panel-title { font-weight: 600 !important; }\n#pt-cv-view-2182d0ec8r .pt-cv-carousel-caption  { background-color: rgba(51,51,51,.6) !important; }\n#pt-cv-view-2182d0ec8r .pt-cv-specialp { background-color: #CC3333 !important }\n#pt-cv-view-2182d0ec8r .pt-cv-specialp * { color: #fff !important; }\n#pt-cv-view-2182d0ec8r .pt-cv-pficon  { color: #bbb !important; }\n#pt-cv-view-2182d0ec8r .pt-cv-readmore  { color: #ffffff !important; background-color: #00aeef !important; }\n#pt-cv-view-2182d0ec8r .pt-cv-readmore:hover  { color: #ffffff !important; background-color: #00aeef !important; }\n#pt-cv-view-2182d0ec8r  + .pt-cv-pagination-wrapper .pt-cv-more , #pt-cv-view-2182d0ec8r  + .pt-cv-pagination-wrapper .pagination .active a, .pt-cv-pagination[data-sid='2182d0ec8r'] .active a { color: #ffffff !important; background-color: #00aeef !important; }<\/style>\r\n\t\t\t[\/nur_feature_box][\/vc_column][vc_column offset=\u00a0\u00bbvc_col-lg-4 vc_col-md-4&Prime;][nur_section_heading decoration=\u00a0\u00bbline\u00a0\u00bb el_class=\u00a0\u00bbml-md-0 text-center text-md-left\u00a0\u00bb css=\u00a0\u00bb.vc_custom_1683892312634{margin-bottom: 0px !important;border-bottom-width: 0px !important;padding-left: 50px !important;}\u00a0\u00bb]<\/p>\n<h2>Feed<\/h2>\n<p>[\/nur_section_heading][nur_feature_box layout=\u00a0\u00bblarge-icon icon-circle\u00a0\u00bb]<\/p>\n<div class=\"elfsight-app-0c8f9991-ebf8-4687-9ed7-54f634bd5f2c\" data-elfsight-app-lazy=\"\"><\/div>\n<p>[\/nur_feature_box][\/vc_column][\/vc_row]<\/p>\n","protected":false},"excerpt":{"rendered":"<p>[vc_row][vc_column width=\u00a0\u00bb1\/2&Prime; el_class=\u00a0\u00bbhomepage-main-text-hidden\u00a0\u00bb][vc_column_text]CONSEIL\u00a0 CONSULTATIF\u00a0 DE\u00a0 L&rsquo;AQUACULTURE (CCA)[\/vc_column_text][\/vc_column][vc_column width=\u00a0\u00bb1\/2&Prime; el_class=\u00a0\u00bbhomepage-main-text-hidden\u00a0\u00bb][vc_column_text]Nous fournissons des recommandations \u00e0 la Commission europ\u00e9enne et aux \u00c9tats membres sur toutes les questions concernant la production aquacole de l&rsquo;UE.[\/vc_column_text][\/vc_column][\/vc_row][vc_row [&hellip;]<\/p>\n","protected":false},"author":1,"featured_media":13323,"parent":0,"menu_order":0,"comment_status":"closed","ping_status":"closed","template":"","meta":[],"acf":[],"_links":{"self":[{"href":"https:\/\/aac-europe.org\/fr\/wp-json\/wp\/v2\/pages\/11766"}],"collection":[{"href":"https:\/\/aac-europe.org\/fr\/wp-json\/wp\/v2\/pages"}],"about":[{"href":"https:\/\/aac-europe.org\/fr\/wp-json\/wp\/v2\/types\/page"}],"author":[{"embeddable":true,"href":"https:\/\/aac-europe.org\/fr\/wp-json\/wp\/v2\/users\/1"}],"replies":[{"embeddable":true,"href":"https:\/\/aac-europe.org\/fr\/wp-json\/wp\/v2\/comments?post=11766"}],"version-history":[{"count":29,"href":"https:\/\/aac-europe.org\/fr\/wp-json\/wp\/v2\/pages\/11766\/revisions"}],"predecessor-version":[{"id":15920,"href":"https:\/\/aac-europe.org\/fr\/wp-json\/wp\/v2\/pages\/11766\/revisions\/15920"}],"wp:featuredmedia":[{"embeddable":true,"href":"https:\/\/aac-europe.org\/fr\/wp-json\/wp\/v2\/media\/13323"}],"wp:attachment":[{"href":"https:\/\/aac-europe.org\/fr\/wp-json\/wp\/v2\/media?parent=11766"}],"curies":[{"name":"wp","href":"https:\/\/api.w.org\/{rel}","templated":true}]}}