{"id":12040,"date":"2023-01-24T10:54:22","date_gmt":"2023-01-24T10:54:22","guid":{"rendered":"http:\/\/aac-europe.org\/become-a-member\/"},"modified":"2026-01-28T16:46:07","modified_gmt":"2026-01-28T16:46:07","slug":"devenir-membre","status":"publish","type":"page","link":"https:\/\/aac-europe.org\/fr\/devenir-membre\/","title":{"rendered":"Devenir Membre"},"content":{"rendered":"<p>[vc_row equal_height=\u00a0\u00bbyes\u00a0\u00bb][vc_column width=\u00a0\u00bb1\/2&Prime; css=\u00a0\u00bb.vc_custom_1678205020606{margin-right: 10px !important;margin-left: 10px !important;}\u00a0\u00bb][vc_column_text css=\u00a0\u00bb.vc_custom_1678205412338{margin-right: 25px !important;}\u00a0\u00bb]<\/p>\r\n<p style=\"text-align: justify;\"><!-- \/wp:list-item --><\/p>\r\n<!-- \/wp:list -->\r\n<p style=\"text-align: justify;\"><strong>Une organisation peut devenir membre du CCA si :<\/strong><\/p>\r\n<ul style=\"text-align: justify;\">\r\n<li>les activit\u00e9s d\u00e9crites dans ses statuts ont un lien avec la production aquacole dans l&rsquo;UE<\/li>\r\n<li>les Autorit\u00e9s de l&rsquo;Etat-Membre o\u00f9 se situe le si\u00e8ge de l&rsquo;organisation soutiennent son adh\u00e9sion via lettre officielle adress\u00e9e au Secr\u00e9tariat de l&rsquo;AAC.<!-- wp:list-item --><\/li>\r\n<li>elle s&rsquo;acquitte de sa cotisation annuelle : 200\u20ac pour l&rsquo;Assembl\u00e9e G\u00e9n\u00e9rale, 500\u20ac pour l&rsquo;Assembl\u00e9e G\u00e9n\u00e9rale et les groupes de travail, 900\u20ac pour l&rsquo;Assembl\u00e9e G\u00e9n\u00e9rale, les groupes de travail et le Comit\u00e9 ex\u00e9cutif.<\/li>\r\n<\/ul>\r\n<p>[\/vc_column_text][\/vc_column][vc_column parallax=\u00a0\u00bbcontent-moving\u00a0\u00bb parallax_speed_bg=\u00a0\u00bb\u00a0\u00bb width=\u00a0\u00bb1\/2&Prime; css=\u00a0\u00bb.vc_custom_1676304554830{background-image: url(http:\/\/aac-europe.org\/wp-content\/uploads\/2023\/01\/home_slide1.jpg?id=11778) !important;background-position: center !important;background-repeat: no-repeat !important;background-size: cover !important;}\u00a0\u00bb][\/vc_column][\/vc_row][vc_row equal_height=\u00a0\u00bbyes\u00a0\u00bb css_animation=\u00a0\u00bbfadeIn\u00a0\u00bb][vc_column width=\u00a0\u00bb1\/2&Prime; css=\u00a0\u00bb.vc_custom_1676304675564{background-image: url(http:\/\/aac-europe.org\/wp-content\/uploads\/2023\/01\/home_slide3.jpg?id=11780) !important;background-position: center !important;background-repeat: no-repeat !important;background-size: cover !important;}\u00a0\u00bb][\/vc_column][vc_column parallax=\u00a0\u00bbcontent-moving\u00a0\u00bb parallax_speed_bg=\u00a0\u00bb\u00a0\u00bb width=\u00a0\u00bb1\/2&Prime; css=\u00a0\u00bb.vc_custom_1678204980727{margin-right: 10px !important;margin-left: 10px !important;}\u00a0\u00bb][vc_column_text css=\u00a0\u00bb.vc_custom_1769618765679{margin-left: 20px !important;}\u00a0\u00bb]<\/p>\r\n<p style=\"text-align: justify;\"><!-- \/wp:list-item --><\/p>\r\n<p><!-- \/wp:list -->Toute candidature doit \u00eatre envoy\u00e9e au Secr\u00e9tariat du CCA avec les documents suivants :<\/p>\r\n<ul>\r\n<li>Le <a href=\"http:\/\/aac-europe.org\/wp-content\/uploads\/2026\/01\/AAC-Application-Form_Membership_2025-2026.docx\">formulaire de candidature<\/a><\/li>\r\n<li>Le\u00a0<a href=\"http:\/\/aac-europe.org\/wp-content\/uploads\/2025\/02\/AAC_Confirmation-Form-for-AAC-representative-organisation_2024-2025.docx\">formulaire de confirmation<\/a><\/li>\r\n<li>La lettre officielle de soutien de l&rsquo;Etat membre pertinent pour l&rsquo;adh\u00e9sion au CCA<\/li>\r\n<li style=\"list-style-type: none;\">\r\n<ul>\r\n<li style=\"list-style-type: none;\">\r\n<ul><!-- \/wp:list-item --><\/ul>\r\n<\/li>\r\n<\/ul>\r\n<!-- wp:list-item --><!-- \/wp:list-item --><br \/><!-- wp:list-item --><\/li>\r\n<\/ul>\r\n<!-- \/wp:list-item -->\r\n<p style=\"text-align: justify;\"><!-- \/wp:list --><\/p>\r\n<p>Merci d&rsquo;envoyer ces documents par e-mail \u00e0 l&rsquo;adresse suivante:<\/p>\r\n<p><strong>secretariat@aac-europe.org<\/strong><\/p>\r\n<p>Si vous avez des questions concernant votre candidature, vous pouvez les envoyer par e-mail ou nous appeler au :<\/p>\r\n<p style=\"text-align: justify;\"><!-- \/wp:paragraph --><\/p>\r\n<p><!-- wp:paragraph --><strong>Tel. : +32(0)2 230 30 70<\/strong><\/p>\r\n<p style=\"text-align: justify;\"><!-- \/wp:paragraph --><\/p>\r\n<p>[\/vc_column_text][\/vc_column][\/vc_row]<\/p>","protected":false},"excerpt":{"rendered":"<p>[vc_row equal_height=\u00a0\u00bbyes\u00a0\u00bb][vc_column width=\u00a0\u00bb1\/2&Prime; css=\u00a0\u00bb.vc_custom_1678205020606{margin-right: 10px !important;margin-left: 10px !important;}\u00a0\u00bb][vc_column_text css=\u00a0\u00bb.vc_custom_1678205412338{margin-right: 25px !important;}\u00a0\u00bb] Une organisation peut devenir membre du CCA si : les activit\u00e9s d\u00e9crites dans ses statuts ont un lien avec [&hellip;]<\/p>\n","protected":false},"author":1,"featured_media":0,"parent":0,"menu_order":0,"comment_status":"closed","ping_status":"closed","template":"","meta":[],"acf":[],"_links":{"self":[{"href":"https:\/\/aac-europe.org\/fr\/wp-json\/wp\/v2\/pages\/12040"}],"collection":[{"href":"https:\/\/aac-europe.org\/fr\/wp-json\/wp\/v2\/pages"}],"about":[{"href":"https:\/\/aac-europe.org\/fr\/wp-json\/wp\/v2\/types\/page"}],"author":[{"embeddable":true,"href":"https:\/\/aac-europe.org\/fr\/wp-json\/wp\/v2\/users\/1"}],"replies":[{"embeddable":true,"href":"https:\/\/aac-europe.org\/fr\/wp-json\/wp\/v2\/comments?post=12040"}],"version-history":[{"count":13,"href":"https:\/\/aac-europe.org\/fr\/wp-json\/wp\/v2\/pages\/12040\/revisions"}],"predecessor-version":[{"id":15787,"href":"https:\/\/aac-europe.org\/fr\/wp-json\/wp\/v2\/pages\/12040\/revisions\/15787"}],"wp:attachment":[{"href":"https:\/\/aac-europe.org\/fr\/wp-json\/wp\/v2\/media?parent=12040"}],"curies":[{"name":"wp","href":"https:\/\/api.w.org\/{rel}","templated":true}]}}