{"id":12048,"date":"2023-01-16T13:45:08","date_gmt":"2023-01-16T13:45:08","guid":{"rendered":"http:\/\/aac-europe.org\/about-us\/"},"modified":"2025-12-05T08:49:46","modified_gmt":"2025-12-05T08:49:46","slug":"a-propos","status":"publish","type":"page","link":"https:\/\/aac-europe.org\/fr\/a-propos\/","title":{"rendered":"\u00c0 Propos"},"content":{"rendered":"<p>[vc_row equal_height=\u00a0\u00bbyes\u00a0\u00bb][vc_column width=\u00a0\u00bb1\/2&Prime; css=\u00a0\u00bb.vc_custom_1678272174739{margin-top: 10px !important;margin-right: 20px !important;}\u00a0\u00bb][vc_column_text]<!-- \/wp:paragraph --><\/p>\n<p style=\"text-align: justify;\">Les conseils consultatifs sont des organes d&rsquo;int\u00e9r\u00eat europ\u00e9en, cr\u00e9\u00e9s par le r\u00e8glement sur la politique commune de la p\u00eache (UE) n\u00b0 1380\/2013.<\/p>\n<p style=\"text-align: justify;\">En tant que\u00a0<strong>Conseil consultatif de l&rsquo;aquaculture (CCA)<\/strong>, nous conseillons la\u00a0Commission europ\u00e9enne\u00a0et les\u00a0\u00c9tats membres\u00a0sur toute nouvelle mesure l\u00e9gislative, r\u00e9glementaire ou juridique au niveau europ\u00e9en ou national qui affecte l&rsquo;aquaculture.<\/p>\n<p style=\"text-align: justify;\">Nos recommandations incluent les opinions des\u00a0<strong>parties prenantes de l&rsquo;aquaculture europ\u00e9enne<\/strong>\u00a0repr\u00e9sent\u00e9es selon la r\u00e9partition suivante\u00a0:<\/p>\n<p style=\"text-align: justify;\"><strong>60%<\/strong> &#8211; Organisations sectorielles (Aquaculture, Aliments, V\u00e9t\u00e9rinaires, Syndicats\u2026)<br \/>\n<strong>40%<\/strong> &#8211; Autre Groupement d&rsquo;Int\u00e9r\u00eat (Environnement, Consommateurs, Organisations de protection animale\u2026)<\/p>\n<p style=\"text-align: justify;\">Notre assembl\u00e9e g\u00e9n\u00e9rale et notre comit\u00e9 ex\u00e9cutif sont guid\u00e9s par les avis g\u00e9n\u00e9r\u00e9s par nos trois groupes de travail sur les <span style=\"text-decoration: underline;\">poissons<\/span>, les <span style=\"text-decoration: underline;\">coquillages<\/span> et les <span style=\"text-decoration: underline;\">questions horizontales<\/span>.<\/p>\n<p>[\/vc_column_text][\/vc_column][vc_column css_animation=\u00a0\u00bbnone\u00a0\u00bb width=\u00a0\u00bb1\/2&Prime; css=\u00a0\u00bb.vc_custom_1678269598830{background-image: url(http:\/\/aac-europe.org\/wp-content\/uploads\/2023\/01\/home_slide2.jpg?id=11779) !important;background-position: center !important;background-repeat: no-repeat !important;background-size: cover !important;}\u00a0\u00bb][\/vc_column][\/vc_row][vc_section css_animation=\u00a0\u00bbfadeIn\u00a0\u00bb el_id=\u00a0\u00bbabout-us-internal-aac-rules-docs\u00a0\u00bb css=\u00a0\u00bb.vc_custom_1676305268914{background-color: rgba(255,224,69,0.16) !important;*background-color: rgb(255,224,69) !important;}\u00a0\u00bb][vc_row css=\u00a0\u00bb.vc_custom_1676045233273{margin-top: 20px !important;margin-right: 20px !important;margin-left: 20px !important;}\u00a0\u00bb][vc_column css=\u00a0\u00bb.vc_custom_1676302962970{background-color: rgba(163,163,163,0.37) !important;*background-color: rgb(163,163,163) !important;}\u00a0\u00bb][vc_column_text css=\u00a0\u00bb.vc_custom_1678270842698{margin-top: 10px !important;}\u00a0\u00bb]<\/p>\n<h2 style=\"text-align: center;\"><span style=\"color: #008584;\"><strong>R\u00e8gles internes du CCA<\/strong><\/span><\/h2>\n<p>[\/vc_column_text][\/vc_column][\/vc_row][vc_row equal_height=\u00a0\u00bbyes\u00a0\u00bb css=\u00a0\u00bb.vc_custom_1675955620209{margin-top: 10px !important;margin-right: 10px !important;margin-left: 10px !important;}\u00a0\u00bb][vc_column width=\u00a0\u00bb1\/4&Prime; css=\u00a0\u00bb.vc_custom_1708941292606{margin-top: 10px !important;margin-right: 10px !important;margin-left: 10px !important;background-color: rgba(163,163,163,0.37) !important;*background-color: rgb(163,163,163) !important;}\u00a0\u00bb offset=\u00a0\u00bbvc_col-md-3 vc_col-xs-12&Prime;][vc_custom_heading text=\u00a0\u00bbStatutes (EN)\u00a0\u00bb font_container=\u00a0\u00bbtag:h2|text_align:center|color:%23362647&Prime; use_theme_fonts=\u00a0\u00bbyes\u00a0\u00bb][vc_column_text css=\u00a0\u00bb.vc_custom_1678270950045{margin-right: 15px !important;margin-left: 15px !important;}\u00a0\u00bb]<\/p>\n<p style=\"text-align: center;\">Statutes of the aquaculture advisory council<\/p>\n<p>[\/vc_column_text][vc_btn title=\u00a0\u00bbPDF\u00a0\u00bb align=\u00a0\u00bbcenter\u00a0\u00bb i_icon_fontawesome=\u00a0\u00bbfar fa-file-pdf\u00a0\u00bb button_block=\u00a0\u00bbtrue\u00a0\u00bb add_icon=\u00a0\u00bbtrue\u00a0\u00bb link=\u00a0\u00bburl:http%3A%2F%2Faac-europe.org%2Fwp-content%2Fuploads%2F2025%2F12%2FEN-AAC-Statutes-2025.pdf|target:_blank\u00a0\u00bb css=\u00a0\u00bb.vc_custom_1764924573777{margin-right: 35px !important;margin-left: 35px !important;}\u00a0\u00bb][\/vc_column][vc_column width=\u00a0\u00bb1\/4&Prime; css=\u00a0\u00bb.vc_custom_1708941297773{margin-top: 10px !important;margin-right: 10px !important;margin-left: 10px !important;background-color: rgba(163,163,163,0.37) !important;*background-color: rgb(163,163,163) !important;}\u00a0\u00bb offset=\u00a0\u00bbvc_col-md-3 vc_col-xs-12&Prime;][vc_custom_heading text=\u00a0\u00bbProcedure (EN)\u00a0\u00bb font_container=\u00a0\u00bbtag:h2|text_align:center|color:%23362647&Prime; use_theme_fonts=\u00a0\u00bbyes\u00a0\u00bb][vc_column_text css=\u00a0\u00bb.vc_custom_1678270977622{margin-right: 15px !important;margin-left: 15px !important;}\u00a0\u00bb]<\/p>\n<p style=\"text-align: center;\">Rules of procedure of the aquaculture advisory council<\/p>\n<p>[\/vc_column_text][vc_btn title=\u00a0\u00bbPDF\u00a0\u00bb align=\u00a0\u00bbcenter\u00a0\u00bb i_icon_fontawesome=\u00a0\u00bbfar fa-file-pdf\u00a0\u00bb button_block=\u00a0\u00bbtrue\u00a0\u00bb add_icon=\u00a0\u00bbtrue\u00a0\u00bb link=\u00a0\u00bburl:http%3A%2F%2Faac-europe.org%2Fwp-content%2Fuploads%2F2025%2F12%2FEN-AAC-Rules-of-Procedure-2025.pdf|target:_blank\u00a0\u00bb css=\u00a0\u00bb.vc_custom_1764924584185{margin-right: 35px !important;margin-left: 35px !important;}\u00a0\u00bb][\/vc_column][vc_column width=\u00a0\u00bb1\/4&Prime; css=\u00a0\u00bb.vc_custom_1708941368354{margin-top: 10px !important;margin-right: 10px !important;margin-left: 10px !important;background-color: rgba(163,163,163,0.37) !important;*background-color: rgb(163,163,163) !important;}\u00a0\u00bb offset=\u00a0\u00bbvc_col-md-3 vc_col-xs-12&Prime;][vc_custom_heading text=\u00a0\u00bbRemboursement\u00a0\u00bb font_container=\u00a0\u00bbtag:h2|text_align:center|color:%23362647&Prime; use_theme_fonts=\u00a0\u00bbyes\u00a0\u00bb][vc_column_text css=\u00a0\u00bb.vc_custom_1678798735314{margin-right: 15px !important;margin-left: 15px !important;}\u00a0\u00bb]<\/p>\n<p style=\"text-align: center;\">R\u00e8gles pour le remboursement des frais de voyage et de subsistance<\/p>\n<p>[\/vc_column_text][vc_btn title=\u00a0\u00bbPDF\u00a0\u00bb align=\u00a0\u00bbcenter\u00a0\u00bb i_icon_fontawesome=\u00a0\u00bbfar fa-file-pdf\u00a0\u00bb button_block=\u00a0\u00bbtrue\u00a0\u00bb add_icon=\u00a0\u00bbtrue\u00a0\u00bb link=\u00a0\u00bburl:http%3A%2F%2Faac-europe.org%2Fwp-content%2Fuploads%2F2025%2F01%2FAAC-Regles-de-remboursement-2024-2027.pdf|target:_blank\u00a0\u00bb css=\u00a0\u00bb.vc_custom_1737132804739{margin-right: 35px !important;margin-left: 35px !important;}\u00a0\u00bb][\/vc_column][vc_column width=\u00a0\u00bb1\/4&Prime; offset=\u00a0\u00bbvc_col-md-3&Prime; css=\u00a0\u00bb.vc_custom_1708941381161{margin-top: 10px !important;margin-right: 10px !important;margin-left: 10px !important;background-color: rgba(163,163,163,0.37) !important;*background-color: rgb(163,163,163) !important;}\u00a0\u00bb][vc_custom_heading text=\u00a0\u00bbPolitique des observateurs\u00a0\u00bb font_container=\u00a0\u00bbtag:h2|text_align:center|color:%23362647&Prime; use_theme_fonts=\u00a0\u00bbyes\u00a0\u00bb][vc_column_text css=\u00a0\u00bb.vc_custom_1737733660598{margin-right: 15px !important;margin-left: 15px !important;}\u00a0\u00bb]<\/p>\n<p style=\"text-align: center;\">Politiques du CCA<\/p>\n<p>[\/vc_column_text][vc_btn title=\u00a0\u00bbPDF\u00a0\u00bb align=\u00a0\u00bbcenter\u00a0\u00bb i_icon_fontawesome=\u00a0\u00bbfar fa-file-pdf\u00a0\u00bb button_block=\u00a0\u00bbtrue\u00a0\u00bb add_icon=\u00a0\u00bbtrue\u00a0\u00bb link=\u00a0\u00bburl:http%3A%2F%2Faac-europe.org%2Fwp-content%2Fuploads%2F2025%2F01%2FAAC_Policies-2025.pdf|target:_blank\u00a0\u00bb css=\u00a0\u00bb.vc_custom_1737733650848{margin-right: 35px !important;margin-left: 35px !important;}\u00a0\u00bb][\/vc_column][\/vc_row][\/vc_section][vc_section css_animation=\u00a0\u00bbfadeIn\u00a0\u00bb css=\u00a0\u00bb.vc_custom_1676305281076{background-color: rgba(193,249,255,0.35) !important;*background-color: rgb(193,249,255) !important;}\u00a0\u00bb][vc_row css=\u00a0\u00bb.vc_custom_1676045233273{margin-top: 20px !important;margin-right: 20px !important;margin-left: 20px !important;}\u00a0\u00bb][vc_column css=\u00a0\u00bb.vc_custom_1676017650403{background-color: rgba(163,163,163,0.37) !important;*background-color: rgb(163,163,163) !important;}\u00a0\u00bb][vc_column_text css=\u00a0\u00bb.vc_custom_1678271084925{margin-top: 10px !important;}\u00a0\u00bb]<\/p>\n<h2 style=\"text-align: center;\"><span style=\"color: #008584;\"><strong>R\u00e8glement de l\u2019UE r\u00e9glementant le fonctionnement du CCA<\/strong><\/span><\/h2>\n<p>[\/vc_column_text][\/vc_column][\/vc_row][vc_row equal_height=\u00a0\u00bbyes\u00a0\u00bb css=\u00a0\u00bb.vc_custom_1675955620209{margin-top: 10px !important;margin-right: 10px !important;margin-left: 10px !important;}\u00a0\u00bb][vc_column css=\u00a0\u00bb.vc_custom_1678798915608{margin-top: 10px !important;margin-right: 10px !important;margin-left: 10px !important;background-color: rgba(163,163,163,0.37) !important;*background-color: rgb(163,163,163) !important;}\u00a0\u00bb offset=\u00a0\u00bbvc_col-md-3 vc_col-xs-12&Prime;][vc_column_text css=\u00a0\u00bb.vc_custom_1678271119484{margin-right: 15px !important;margin-left: 15px !important;}\u00a0\u00bb]<\/p>\n<p style=\"text-align: center;\">EU Regulation on the Common Fisheries Policy (creating the AAC)<\/p>\n<p>[\/vc_column_text][vc_btn title=\u00a0\u00bbPDF\u00a0\u00bb align=\u00a0\u00bbcenter\u00a0\u00bb i_icon_fontawesome=\u00a0\u00bbfar fa-file-pdf\u00a0\u00bb button_block=\u00a0\u00bbtrue\u00a0\u00bb add_icon=\u00a0\u00bbtrue\u00a0\u00bb link=\u00a0\u00bburl:http%3A%2F%2Faac-europe.org%2Fwp-content%2Fuploads%2F2018%2F01%2FRegulation_No_1380_2013_of_the_Common_Fisheries_Policy.pdf|target:_blank\u00a0\u00bb css=\u00a0\u00bb.vc_custom_1676300292548{margin-right: 35px !important;margin-left: 35px !important;}\u00a0\u00bb][\/vc_column][vc_column css=\u00a0\u00bb.vc_custom_1678798904214{margin-top: 10px !important;margin-right: 10px !important;margin-left: 10px !important;background-color: rgba(163,163,163,0.37) !important;*background-color: rgb(163,163,163) !important;}\u00a0\u00bb offset=\u00a0\u00bbvc_col-md-3 vc_col-xs-12&Prime;][vc_column_text css=\u00a0\u00bb.vc_custom_1678271523367{margin-right: 15px !important;margin-left: 15px !important;}\u00a0\u00bb]<\/p>\n<p style=\"text-align: center;\">Commission Delegated Regulation (EU) 2015\/242 of 9 October 2014<\/p>\n<p>[\/vc_column_text][vc_btn title=\u00a0\u00bbLink\u00a0\u00bb align=\u00a0\u00bbcenter\u00a0\u00bb i_icon_fontawesome=\u00a0\u00bbfas fa-external-link-alt\u00a0\u00bb button_block=\u00a0\u00bbtrue\u00a0\u00bb add_icon=\u00a0\u00bbtrue\u00a0\u00bb link=\u00a0\u00bburl:https%3A%2F%2Feur-lex.europa.eu%2Flegal-content%2FEN%2FTXT%2F%3Furi%3DCELEX%253A32015R0242|target:_blank\u00a0\u00bb css=\u00a0\u00bb.vc_custom_1676300371706{margin-right: 35px !important;margin-left: 35px !important;}\u00a0\u00bb][\/vc_column][vc_column css=\u00a0\u00bb.vc_custom_1678798894177{margin-top: 10px !important;margin-right: 10px !important;margin-left: 10px !important;background-color: rgba(163,163,163,0.37) !important;*background-color: rgb(163,163,163) !important;}\u00a0\u00bb offset=\u00a0\u00bbvc_col-md-3 vc_col-xs-12&Prime;][vc_column_text css=\u00a0\u00bb.vc_custom_1678271656948{margin-right: 15px !important;margin-left: 15px !important;}\u00a0\u00bb]<\/p>\n<p style=\"text-align: center;\">R\u00e8glement d\u00e9l\u00e9gu\u00e9 (UE) 2022\/204 de la Commission du 8 d\u00e9cembre 2021<\/p>\n<p>[\/vc_column_text][vc_btn title=\u00a0\u00bbLink\u00a0\u00bb align=\u00a0\u00bbcenter\u00a0\u00bb i_icon_fontawesome=\u00a0\u00bbfas fa-external-link-alt\u00a0\u00bb button_block=\u00a0\u00bbtrue\u00a0\u00bb add_icon=\u00a0\u00bbtrue\u00a0\u00bb link=\u00a0\u00bburl:https%3A%2F%2Feur-lex.europa.eu%2Flegal-content%2FFR%2FTXT%2F%3Furi%3DCELEX%3A32022R0204|target:_blank\u00a0\u00bb css=\u00a0\u00bb.vc_custom_1678271674360{margin-right: 35px !important;margin-left: 35px !important;}\u00a0\u00bb][\/vc_column][vc_column css=\u00a0\u00bb.vc_custom_1678798882040{margin-top: 10px !important;margin-right: 10px !important;margin-left: 10px !important;background-color: rgba(163,163,163,0.37) !important;*background-color: rgb(163,163,163) !important;}\u00a0\u00bb offset=\u00a0\u00bbvc_col-md-3 vc_col-xs-12&Prime;][vc_column_text css=\u00a0\u00bb.vc_custom_1678271723124{margin-right: 15px !important;margin-left: 15px !important;}\u00a0\u00bb]<\/p>\n<p style=\"text-align: center;\">Commission Delegated Regulation (EU) 2015\/242 of 9 October 2014<\/p>\n<p>[\/vc_column_text][vc_btn title=\u00a0\u00bbLink\u00a0\u00bb align=\u00a0\u00bbcenter\u00a0\u00bb i_icon_fontawesome=\u00a0\u00bbfas fa-external-link-alt\u00a0\u00bb button_block=\u00a0\u00bbtrue\u00a0\u00bb add_icon=\u00a0\u00bbtrue\u00a0\u00bb link=\u00a0\u00bburl:https%3A%2F%2Feur-lex.europa.eu%2Flegal-content%2FEN%2FTXT%2F%3Furi%3DCELEX%253A32015R0242|target:_blank\u00a0\u00bb css=\u00a0\u00bb.vc_custom_1676300657204{margin-right: 35px !important;margin-left: 35px !important;}\u00a0\u00bb][\/vc_column][\/vc_row][\/vc_section][vc_section css_animation=\u00a0\u00bbfadeIn\u00a0\u00bb css=\u00a0\u00bb.vc_custom_1676305287382{background-color: rgba(255,224,69,0.16) !important;*background-color: rgb(255,224,69) !important;}\u00a0\u00bb][vc_row css=\u00a0\u00bb.vc_custom_1676045233273{margin-top: 20px !important;margin-right: 20px !important;margin-left: 20px !important;}\u00a0\u00bb][vc_column css=\u00a0\u00bb.vc_custom_1676017650403{background-color: rgba(163,163,163,0.37) !important;*background-color: rgb(163,163,163) !important;}\u00a0\u00bb][vc_column_text css=\u00a0\u00bb.vc_custom_1678271770696{margin-top: 10px !important;}\u00a0\u00bb]<\/p>\n<h2 style=\"text-align: center;\"><span style=\"color: #008584;\"><strong>Autres<\/strong><\/span><\/h2>\n<p>[\/vc_column_text][\/vc_column][\/vc_row][vc_row equal_height=\u00a0\u00bbyes\u00a0\u00bb css=\u00a0\u00bb.vc_custom_1675955620209{margin-top: 10px !important;margin-right: 10px !important;margin-left: 10px !important;}\u00a0\u00bb][vc_column css=\u00a0\u00bb.vc_custom_1708945809694{margin-top: 10px !important;margin-right: 10px !important;margin-left: 10px !important;background-color: rgba(163,163,163,0.37) !important;*background-color: rgb(163,163,163) !important;}\u00a0\u00bb offset=\u00a0\u00bbvc_col-md-4 vc_col-xs-12&Prime;][vc_custom_heading text=\u00a0\u00bbProgramme\u00a0\u00bb font_container=\u00a0\u00bbtag:h2|text_align:center|color:%23362647&Prime; use_theme_fonts=\u00a0\u00bbyes\u00a0\u00bb][vc_column_text css=\u00a0\u00bb.vc_custom_1708520219187{margin-right: 15px !important;margin-left: 15px !important;}\u00a0\u00bb]<\/p>\n<p style=\"text-align: center;\">AAC 2023-2024 Work Programme (EN)<\/p>\n<p>[\/vc_column_text][vc_btn title=\u00a0\u00bbPDF\u00a0\u00bb align=\u00a0\u00bbcenter\u00a0\u00bb i_icon_fontawesome=\u00a0\u00bbfar fa-file-pdf\u00a0\u00bb button_block=\u00a0\u00bbtrue\u00a0\u00bb add_icon=\u00a0\u00bbtrue\u00a0\u00bb link=\u00a0\u00bburl:http%3A%2F%2Faac-europe.org%2Fwp-content%2Fuploads%2F2024%2F02%2F2.-AAC-Work-Programme_2023-2024_.pdf|target:_blank\u00a0\u00bb css=\u00a0\u00bb.vc_custom_1708520210866{margin-right: 35px !important;margin-left: 35px !important;}\u00a0\u00bb][\/vc_column][vc_column css=\u00a0\u00bb.vc_custom_1708945816507{margin-top: 10px !important;margin-right: 10px !important;margin-left: 10px !important;background-color: rgba(163,163,163,0.37) !important;*background-color: rgb(163,163,163) !important;}\u00a0\u00bb offset=\u00a0\u00bbvc_col-md-4 vc_col-xs-12&Prime;][vc_custom_heading text=\u00a0\u00bbBrochure\u00a0\u00bb font_container=\u00a0\u00bbtag:h2|text_align:center|color:%23362647&Prime; use_theme_fonts=\u00a0\u00bbyes\u00a0\u00bb][vc_column_text css=\u00a0\u00bb.vc_custom_1678272063101{margin-right: 15px !important;margin-left: 15px !important;}\u00a0\u00bb]<\/p>\n<p style=\"text-align: center;\">Brochure du CCA<br \/>\n(EN)<\/p>\n<p>[\/vc_column_text][vc_btn title=\u00a0\u00bbPDF\u00a0\u00bb align=\u00a0\u00bbcenter\u00a0\u00bb i_icon_fontawesome=\u00a0\u00bbfar fa-file-pdf\u00a0\u00bb button_block=\u00a0\u00bbtrue\u00a0\u00bb add_icon=\u00a0\u00bbtrue\u00a0\u00bb link=\u00a0\u00bburl:http%3A%2F%2Faac-europe.org%2Fwp-content%2Fuploads%2F2024%2F02%2FAAC-2023.pdf|target:_blank\u00a0\u00bb css=\u00a0\u00bb.vc_custom_1708520181647{margin-right: 35px !important;margin-left: 35px !important;}\u00a0\u00bb][\/vc_column][vc_column css=\u00a0\u00bb.vc_custom_1708945834307{margin-top: 10px !important;margin-right: 10px !important;margin-left: 10px !important;background-color: rgba(163,163,163,0.37) !important;*background-color: rgb(163,163,163) !important;}\u00a0\u00bb offset=\u00a0\u00bbvc_col-md-4&Prime;][vc_custom_heading text=\u00a0\u00bbEvaluation ind\u00e9pendante du CCA\u00a0\u00bb font_container=\u00a0\u00bbtag:h2|text_align:center|color:%23362647&Prime; use_theme_fonts=\u00a0\u00bbyes\u00a0\u00bb][vc_column_text css=\u00a0\u00bb.vc_custom_1708945944267{margin-right: 15px !important;margin-left: 15px !important;}\u00a0\u00bb]<\/p>\n<p style=\"text-align: center;\">R\u00e9sultats de l&rsquo;\u00e9valuation ind\u00e9pendante du CCA (2024) (EN)<\/p>\n<p>[\/vc_column_text][vc_btn title=\u00a0\u00bbPDF\u00a0\u00bb align=\u00a0\u00bbcenter\u00a0\u00bb i_icon_fontawesome=\u00a0\u00bbfar fa-file-pdf\u00a0\u00bb button_block=\u00a0\u00bbtrue\u00a0\u00bb add_icon=\u00a0\u00bbtrue\u00a0\u00bb link=\u00a0\u00bburl:http%3A%2F%2Faac-europe.org%2Fwp-content%2Fuploads%2F2024%2F02%2FAAC-ExCom-2023.pdf|target:_blank\u00a0\u00bb css=\u00a0\u00bb.vc_custom_1708945954825{margin-right: 35px !important;margin-left: 35px !important;}\u00a0\u00bb][\/vc_column][\/vc_row][\/vc_section]<\/p>\n","protected":false},"excerpt":{"rendered":"<p>[vc_row equal_height=\u00a0\u00bbyes\u00a0\u00bb][vc_column width=\u00a0\u00bb1\/2&Prime; css=\u00a0\u00bb.vc_custom_1678272174739{margin-top: 10px !important;margin-right: 20px !important;}\u00a0\u00bb][vc_column_text] Les conseils consultatifs sont des organes d&rsquo;int\u00e9r\u00eat europ\u00e9en, cr\u00e9\u00e9s par le r\u00e8glement sur la politique commune de la p\u00eache (UE) n\u00b0 1380\/2013. [&hellip;]<\/p>\n","protected":false},"author":1,"featured_media":0,"parent":0,"menu_order":0,"comment_status":"closed","ping_status":"closed","template":"","meta":[],"acf":[],"_links":{"self":[{"href":"https:\/\/aac-europe.org\/fr\/wp-json\/wp\/v2\/pages\/12048"}],"collection":[{"href":"https:\/\/aac-europe.org\/fr\/wp-json\/wp\/v2\/pages"}],"about":[{"href":"https:\/\/aac-europe.org\/fr\/wp-json\/wp\/v2\/types\/page"}],"author":[{"embeddable":true,"href":"https:\/\/aac-europe.org\/fr\/wp-json\/wp\/v2\/users\/1"}],"replies":[{"embeddable":true,"href":"https:\/\/aac-europe.org\/fr\/wp-json\/wp\/v2\/comments?post=12048"}],"version-history":[{"count":29,"href":"https:\/\/aac-europe.org\/fr\/wp-json\/wp\/v2\/pages\/12048\/revisions"}],"predecessor-version":[{"id":15569,"href":"https:\/\/aac-europe.org\/fr\/wp-json\/wp\/v2\/pages\/12048\/revisions\/15569"}],"wp:attachment":[{"href":"https:\/\/aac-europe.org\/fr\/wp-json\/wp\/v2\/media?parent=12048"}],"curies":[{"name":"wp","href":"https:\/\/api.w.org\/{rel}","templated":true}]}}