{"id":12979,"date":"2023-01-30T11:41:31","date_gmt":"2023-01-30T11:41:31","guid":{"rendered":"http:\/\/aac-europe.org\/recommandations\/reports\/"},"modified":"2023-01-31T12:40:56","modified_gmt":"2023-01-31T12:40:56","slug":"rapports","status":"publish","type":"page","link":"https:\/\/aac-europe.org\/fr\/recommandations\/rapports\/","title":{"rendered":"Rapports"},"content":{"rendered":"<div class=\"pt-cv-wrapper\"><div class=\"cvp-live-filter cvp-search-box \" id=\"\" data-name=\"_search\" data-sid=\"b296cddlgt\"><label for='sf_1675' class=\"cvp-label\">Mots-cl\u00e9s<\/label><input type=\"text\" id=\"sf_1675\" name=\"_search\" value=\"\" data-nosubmit=\"true\" placeholder=\"\"\/><\/div><div class=\"cvp-live-filter cvp-dropdown \" id=\"\" data-name=\"tx_category\" data-sid=\"b296cddlgt\"><label class=\"cvp-label\">Category<\/label><select name=\"tx_category\"><option value=\"\">All<\/option><option value=\"devenir-membre\" >Devenir membre<span class=\"cvp-count\"> (1)<\/span><\/option><option value=\"recommandations\" >Recommandations<span class=\"cvp-count\"> (2)<\/span><\/option><option value=\"recommandations-correspondances\" >&nbsp;&nbsp;&nbsp;Correspondances<span class=\"cvp-count\"> (18)<\/span><\/option><option value=\"rapports\" >&nbsp;&nbsp;&nbsp;Rapports<span class=\"cvp-count\"> (1)<\/span><\/option><option value=\"recommandations-recommandations\" >&nbsp;&nbsp;&nbsp;Recommandations<span class=\"cvp-count\"> (93)<\/span><\/option><option value=\"recommandations-reponses_ue\" >&nbsp;&nbsp;&nbsp;R\u00e9ponses de la Commission europ\u00e9enne<span class=\"cvp-count\"> (53)<\/span><\/option><option value=\"recommendations-fr\" >Recommendations<span class=\"cvp-count\"> (24)<\/span><\/option><option value=\"presentations-fr\" >Pr\u00e9sentations<span class=\"cvp-count\"> (1)<\/span><\/option><\/select><\/div><div class=\"pt-cv-view pt-cv-grid pt-cv-colsys pt-cv-same-height pt-cv-pgregular cvp-lfres\" id=\"pt-cv-view-b296cddlgt\"><div data-id=\"pt-cv-page-1\" class=\"pt-cv-page cv-npf\" data-cvc=\"2\" data-cvct=\"2\" data-cvcm=\"1\"><div class=\"col-md-6 col-sm-6 col-xs-12 pt-cv-content-item pt-cv-1-col\"  data-pid=\"0\"><div class='pt-cv-ifield'><div class=\"pt-cv-no-post\">Aucune publication trouv\u00e9e.<\/div><\/div><\/div><\/div><\/div><\/div>\t\t\t<style type=\"text\/css\" id=\"pt-cv-inline-style-30de389uhl\">#pt-cv-view-b296cddlgt .pt-cv-title a, #pt-cv-view-b296cddlgt  .panel-title { font-weight: 600 !important; }\n#pt-cv-view-b296cddlgt .pt-cv-carousel-caption  { background-color: rgba(51,51,51,.6) !important; }\n#pt-cv-view-b296cddlgt .pt-cv-specialp { background-color: #CC3333 !important }\n#pt-cv-view-b296cddlgt .pt-cv-specialp * { color: #fff !important; }\n#pt-cv-view-b296cddlgt .pt-cv-pficon  { color: #bbb !important; }\n#pt-cv-view-b296cddlgt .pt-cv-readmore  { color: #ffffff !important; background-color: #10a1a0 !important; }\n#pt-cv-view-b296cddlgt .pt-cv-readmore:hover  { color: #ffffff !important; background-color: #10a1a0 !important; }\n#pt-cv-view-b296cddlgt  + .pt-cv-pagination-wrapper .pt-cv-more , #pt-cv-view-b296cddlgt  + .pt-cv-pagination-wrapper .pagination .active a, .pt-cv-pagination[data-sid='b296cddlgt'] .active a { color: #ffffff !important; background-color: #10a1a0 !important; }<\/style>\r\n\t\t\t\n","protected":false},"excerpt":{"rendered":"Mots-cl\u00e9sCategoryAllDevenir membre (1)Recommandations (2)&nbsp;&nbsp;&nbsp;Correspondances (18)&nbsp;&nbsp;&nbsp;Rapports (1)&nbsp;&nbsp;&nbsp;Recommandations (93)&nbsp;&nbsp;&nbsp;R\u00e9ponses de la Commission europ\u00e9enne (53)Recommendations (24)Pr\u00e9sentations (1)Aucune publication trouv\u00e9e.","protected":false},"author":1,"featured_media":0,"parent":12066,"menu_order":4,"comment_status":"closed","ping_status":"closed","template":"","meta":[],"acf":[],"_links":{"self":[{"href":"https:\/\/aac-europe.org\/fr\/wp-json\/wp\/v2\/pages\/12979"}],"collection":[{"href":"https:\/\/aac-europe.org\/fr\/wp-json\/wp\/v2\/pages"}],"about":[{"href":"https:\/\/aac-europe.org\/fr\/wp-json\/wp\/v2\/types\/page"}],"author":[{"embeddable":true,"href":"https:\/\/aac-europe.org\/fr\/wp-json\/wp\/v2\/users\/1"}],"replies":[{"embeddable":true,"href":"https:\/\/aac-europe.org\/fr\/wp-json\/wp\/v2\/comments?post=12979"}],"version-history":[{"count":1,"href":"https:\/\/aac-europe.org\/fr\/wp-json\/wp\/v2\/pages\/12979\/revisions"}],"predecessor-version":[{"id":12981,"href":"https:\/\/aac-europe.org\/fr\/wp-json\/wp\/v2\/pages\/12979\/revisions\/12981"}],"up":[{"embeddable":true,"href":"https:\/\/aac-europe.org\/fr\/wp-json\/wp\/v2\/pages\/12066"}],"wp:attachment":[{"href":"https:\/\/aac-europe.org\/fr\/wp-json\/wp\/v2\/media?parent=12979"}],"curies":[{"name":"wp","href":"https:\/\/api.w.org\/{rel}","templated":true}]}}